{"id":9422,"date":"2022-07-04T18:46:40","date_gmt":"2022-07-04T18:46:40","guid":{"rendered":"https:\/\/simoffice.pt\/index.php\/product\/brother-mfc-j5740dw-impressora-multifuncoes-a4-a3-wifi-impressao-ate-a3-dupla-bandeja-e-frente-e-verso-ate-a4-em-todas-as-funcoes-impressora-a3-copiadora-a4-scanner-a4-fax-a4\/"},"modified":"2022-07-04T18:46:40","modified_gmt":"2022-07-04T18:46:40","slug":"brother-mfc-j5740dw-impressora-multifuncoes-a4-a3-wifi-impressao-ate-a3-dupla-bandeja-e-frente-e-verso-ate-a4-em-todas-as-funcoes-impressora-a3-copiadora-a4-scanner-a4-fax-a4","status":"publish","type":"product","link":"https:\/\/simoffice.pt\/index.php\/product\/brother-mfc-j5740dw-impressora-multifuncoes-a4-a3-wifi-impressao-ate-a3-dupla-bandeja-e-frente-e-verso-ate-a4-em-todas-as-funcoes-impressora-a3-copiadora-a4-scanner-a4-fax-a4\/","title":{"rendered":"Brother MFC-J5740DW &#8211; Impressora multifun\u00e7\u00f5es A4\/A3 WiFi, impress\u00e3o at\u00e9 A3, dupla bandeja e frente e verso at\u00e9 A4 em todas as fun\u00e7\u00f5es, Impressora A3 + Copiadora A4 + Scanner A4 + Fax A4"},"content":{"rendered":"","protected":false},"excerpt":{"rendered":"","protected":false},"featured_media":0,"template":"","meta":[],"product_cat":[75],"product_tag":[],"_links":{"self":[{"href":"https:\/\/simoffice.pt\/index.php\/wp-json\/wp\/v2\/product\/9422"}],"collection":[{"href":"https:\/\/simoffice.pt\/index.php\/wp-json\/wp\/v2\/product"}],"about":[{"href":"https:\/\/simoffice.pt\/index.php\/wp-json\/wp\/v2\/types\/product"}],"wp:attachment":[{"href":"https:\/\/simoffice.pt\/index.php\/wp-json\/wp\/v2\/media?parent=9422"}],"wp:term":[{"taxonomy":"product_cat","embeddable":true,"href":"https:\/\/simoffice.pt\/index.php\/wp-json\/wp\/v2\/product_cat?post=9422"},{"taxonomy":"product_tag","embeddable":true,"href":"https:\/\/simoffice.pt\/index.php\/wp-json\/wp\/v2\/product_tag?post=9422"}],"curies":[{"name":"wp","href":"https:\/\/api.w.org\/{rel}","templated":true}]}}