{"id":8602,"date":"2022-07-04T18:03:54","date_gmt":"2022-07-04T18:03:54","guid":{"rendered":"https:\/\/simoffice.pt\/index.php\/product\/kit-de-manutencao-hp-c1n58a-100000-pag\/"},"modified":"2022-07-04T18:03:54","modified_gmt":"2022-07-04T18:03:54","slug":"kit-de-manutencao-hp-c1n58a-100000-pag","status":"publish","type":"product","link":"https:\/\/simoffice.pt\/index.php\/product\/kit-de-manutencao-hp-c1n58a-100000-pag\/","title":{"rendered":"Kit de manuten\u00e7\u00e3o HP C1N58A 100000 P\u00e1g"},"content":{"rendered":"","protected":false},"excerpt":{"rendered":"","protected":false},"featured_media":0,"template":"","meta":[],"product_cat":[75],"product_tag":[],"_links":{"self":[{"href":"https:\/\/simoffice.pt\/index.php\/wp-json\/wp\/v2\/product\/8602"}],"collection":[{"href":"https:\/\/simoffice.pt\/index.php\/wp-json\/wp\/v2\/product"}],"about":[{"href":"https:\/\/simoffice.pt\/index.php\/wp-json\/wp\/v2\/types\/product"}],"wp:attachment":[{"href":"https:\/\/simoffice.pt\/index.php\/wp-json\/wp\/v2\/media?parent=8602"}],"wp:term":[{"taxonomy":"product_cat","embeddable":true,"href":"https:\/\/simoffice.pt\/index.php\/wp-json\/wp\/v2\/product_cat?post=8602"},{"taxonomy":"product_tag","embeddable":true,"href":"https:\/\/simoffice.pt\/index.php\/wp-json\/wp\/v2\/product_tag?post=8602"}],"curies":[{"name":"wp","href":"https:\/\/api.w.org\/{rel}","templated":true}]}}