{"id":8287,"date":"2022-07-04T17:46:51","date_gmt":"2022-07-04T17:46:51","guid":{"rendered":"https:\/\/simoffice.pt\/index.php\/product\/calculadora-de-secretaria-casio-cas-dr320re-14-digitos-fita\/"},"modified":"2022-07-04T17:46:58","modified_gmt":"2022-07-04T17:46:58","slug":"calculadora-de-secretaria-casio-cas-dr320re-14-digitos-fita","status":"publish","type":"product","link":"https:\/\/simoffice.pt\/index.php\/product\/calculadora-de-secretaria-casio-cas-dr320re-14-digitos-fita\/","title":{"rendered":"Calculadora de Secretaria Casio CAS-DR320RE 14 Digitos Fita"},"content":{"rendered":"<p>14 Digitos<br \/>\n\u00bb Calculo de impostos<br \/>\n\u00bb Conversor de divisas<br \/>\n\u00bb Impress\u00e3o a 2 cores<br \/>\n\u00bb Velocidade: 3,5 linhas\/seg<br \/>\n\u00bb Tecla Triplo zero<br \/>\n\u00bb Tecla de correc\u00e7\u00e3o rapida<br \/>\n\u00bb Calculo de lucro<br \/>\n(Custo\/Venda\/Margem)<br \/>\n\u00bb Delta %<br \/>\n\u00bb Contador de parcelas<br \/>\n\u00bbAlimenta\u00e7\u00e3o el\u00e9trica de corrente alternada (CA)<br \/>\n\u00bb Pilha de backup<br \/>\n\u00bb largura do papel 57mm (ref:1571048, 1571081, 1211016, 1211012, 1571024 )<\/p>\n","protected":false},"excerpt":{"rendered":"<p>14 Digitos \u00bb Calculo de impostos \u00bb Conversor de divisas \u00bb Impress\u00e3o a 2 cores \u00bb Velocidade: 3,5 linhas\/seg \u00bb Tecla Triplo zero \u00bb Tecla de correc\u00e7\u00e3o rapida \u00bb Calculo de lucro (Custo\/Venda\/Margem) \u00bb Delta % \u00bb Contador de parcelas \u00bbAlimenta\u00e7\u00e3o el\u00e9trica de corrente alternada (CA) \u00bb Pilha de backup \u00bb largura do papel 57mm [&hellip;]<\/p>\n","protected":false},"featured_media":8288,"template":"","meta":[],"product_cat":[74],"product_tag":[],"_links":{"self":[{"href":"https:\/\/simoffice.pt\/index.php\/wp-json\/wp\/v2\/product\/8287"}],"collection":[{"href":"https:\/\/simoffice.pt\/index.php\/wp-json\/wp\/v2\/product"}],"about":[{"href":"https:\/\/simoffice.pt\/index.php\/wp-json\/wp\/v2\/types\/product"}],"wp:featuredmedia":[{"embeddable":true,"href":"https:\/\/simoffice.pt\/index.php\/wp-json\/wp\/v2\/media\/8288"}],"wp:attachment":[{"href":"https:\/\/simoffice.pt\/index.php\/wp-json\/wp\/v2\/media?parent=8287"}],"wp:term":[{"taxonomy":"product_cat","embeddable":true,"href":"https:\/\/simoffice.pt\/index.php\/wp-json\/wp\/v2\/product_cat?post=8287"},{"taxonomy":"product_tag","embeddable":true,"href":"https:\/\/simoffice.pt\/index.php\/wp-json\/wp\/v2\/product_tag?post=8287"}],"curies":[{"name":"wp","href":"https:\/\/api.w.org\/{rel}","templated":true}]}}