{"id":8064,"date":"2022-07-04T17:34:34","date_gmt":"2022-07-04T17:34:34","guid":{"rendered":"https:\/\/simoffice.pt\/index.php\/product\/forra-livros-ajustavel-rolo-0-50x15mts-autocolante-100m\/"},"modified":"2022-07-04T17:34:40","modified_gmt":"2022-07-04T17:34:40","slug":"forra-livros-ajustavel-rolo-0-50x15mts-autocolante-100m","status":"publish","type":"product","link":"https:\/\/simoffice.pt\/index.php\/product\/forra-livros-ajustavel-rolo-0-50x15mts-autocolante-100m\/","title":{"rendered":"Forra Livros Ajustavel Rolo 0.50x15mts Autocolante 100m"},"content":{"rendered":"<p>Forro de Polipropileno muito transparente. N\u00e3o PVC.<br \/>\nAutocolante acr\u00edlico. N\u00e3o t\u00f3xico (cumpre o regulamento EN 71.3).<br \/>\nN\u00e3o cont\u00e9m: Ftalatos.Papel suporte em quadr\u00edcula para facilitar o corte.<br \/>\nFabricado sob controle inform\u00e1tico que assegura a densidade \u00f3ptima do autocolante em todo o rolo.<br \/>\nRetractilados individualmente para uma melhor prote\u00e7\u00e3o e conserva\u00e7\u00e3o.<br \/>\nRecoloc\u00e1vel: durante os primeiros minutos pode-se descolar da superf\u00edcie a forrar, proteger ou plastificar, tantas vezes como seja necess\u00e1rio, para corrigir poss\u00edveis imperfei\u00e7\u00f5es. Passado este tempo<br \/>\nconverte-se em permanente.<br \/>\n\u0093DOBRAR E DESCOLAR\u0094 novo sistema despega f\u00e1cil, permite descolar o papel suporte do filme com mais facilidade. Nova f\u00f3rmula que permite forrar facilmente e sem bolhas.<\/p>\n","protected":false},"excerpt":{"rendered":"<p>Forro de Polipropileno muito transparente. N\u00e3o PVC. Autocolante acr\u00edlico. N\u00e3o t\u00f3xico (cumpre o regulamento EN 71.3). N\u00e3o cont\u00e9m: Ftalatos.Papel suporte em quadr\u00edcula para facilitar o corte. Fabricado sob controle inform\u00e1tico que assegura a densidade \u00f3ptima do autocolante em todo o rolo. Retractilados individualmente para uma melhor prote\u00e7\u00e3o e conserva\u00e7\u00e3o. Recoloc\u00e1vel: durante os primeiros minutos pode-se [&hellip;]<\/p>\n","protected":false},"featured_media":8065,"template":"","meta":[],"product_cat":[74],"product_tag":[],"_links":{"self":[{"href":"https:\/\/simoffice.pt\/index.php\/wp-json\/wp\/v2\/product\/8064"}],"collection":[{"href":"https:\/\/simoffice.pt\/index.php\/wp-json\/wp\/v2\/product"}],"about":[{"href":"https:\/\/simoffice.pt\/index.php\/wp-json\/wp\/v2\/types\/product"}],"wp:featuredmedia":[{"embeddable":true,"href":"https:\/\/simoffice.pt\/index.php\/wp-json\/wp\/v2\/media\/8065"}],"wp:attachment":[{"href":"https:\/\/simoffice.pt\/index.php\/wp-json\/wp\/v2\/media?parent=8064"}],"wp:term":[{"taxonomy":"product_cat","embeddable":true,"href":"https:\/\/simoffice.pt\/index.php\/wp-json\/wp\/v2\/product_cat?post=8064"},{"taxonomy":"product_tag","embeddable":true,"href":"https:\/\/simoffice.pt\/index.php\/wp-json\/wp\/v2\/product_tag?post=8064"}],"curies":[{"name":"wp","href":"https:\/\/api.w.org\/{rel}","templated":true}]}}