{"id":8007,"date":"2022-07-04T17:31:33","date_gmt":"2022-07-04T17:31:33","guid":{"rendered":"https:\/\/simoffice.pt\/index.php\/product\/lapiseira-07mm-rotring-tikky-ii-preto-1un\/"},"modified":"2022-07-04T17:31:39","modified_gmt":"2022-07-04T17:31:39","slug":"lapiseira-07mm-rotring-tikky-ii-preto-1un","status":"publish","type":"product","link":"https:\/\/simoffice.pt\/index.php\/product\/lapiseira-07mm-rotring-tikky-ii-preto-1un\/","title":{"rendered":"Lapiseira 0,7mm Rotring Tikky II Preto 1un"},"content":{"rendered":"<p>Lapiseira de elevada qualidade com uma nova gama de desempenho nas 3 larguras de linha conhecidas. Extremamente confort\u00e1vel gra\u00e7as ao novo man\u00edpulo de dois materiais e \u00e0 forma do corpo da lapiseira.<\/p>\n","protected":false},"excerpt":{"rendered":"<p>Lapiseira de elevada qualidade com uma nova gama de desempenho nas 3 larguras de linha conhecidas. Extremamente confort\u00e1vel gra\u00e7as ao novo man\u00edpulo de dois materiais e \u00e0 forma do corpo da lapiseira.<\/p>\n","protected":false},"featured_media":8008,"template":"","meta":[],"product_cat":[74],"product_tag":[],"_links":{"self":[{"href":"https:\/\/simoffice.pt\/index.php\/wp-json\/wp\/v2\/product\/8007"}],"collection":[{"href":"https:\/\/simoffice.pt\/index.php\/wp-json\/wp\/v2\/product"}],"about":[{"href":"https:\/\/simoffice.pt\/index.php\/wp-json\/wp\/v2\/types\/product"}],"wp:featuredmedia":[{"embeddable":true,"href":"https:\/\/simoffice.pt\/index.php\/wp-json\/wp\/v2\/media\/8008"}],"wp:attachment":[{"href":"https:\/\/simoffice.pt\/index.php\/wp-json\/wp\/v2\/media?parent=8007"}],"wp:term":[{"taxonomy":"product_cat","embeddable":true,"href":"https:\/\/simoffice.pt\/index.php\/wp-json\/wp\/v2\/product_cat?post=8007"},{"taxonomy":"product_tag","embeddable":true,"href":"https:\/\/simoffice.pt\/index.php\/wp-json\/wp\/v2\/product_tag?post=8007"}],"curies":[{"name":"wp","href":"https:\/\/api.w.org\/{rel}","templated":true}]}}