{"id":7829,"date":"2022-07-04T17:22:18","date_gmt":"2022-07-04T17:22:18","guid":{"rendered":"https:\/\/simoffice.pt\/index.php\/product\/ecra-de-suspensao-electrico-11-194x194cm\/"},"modified":"2022-07-04T17:22:18","modified_gmt":"2022-07-04T17:22:18","slug":"ecra-de-suspensao-electrico-11-194x194cm","status":"publish","type":"product","link":"https:\/\/simoffice.pt\/index.php\/product\/ecra-de-suspensao-electrico-11-194x194cm\/","title":{"rendered":"Ecr\u00e3 de Suspens\u00e3o El\u00e9ctrico (1:1) 194x194cm"},"content":{"rendered":"","protected":false},"excerpt":{"rendered":"","protected":false},"featured_media":0,"template":"","meta":[],"product_cat":[76],"product_tag":[],"_links":{"self":[{"href":"https:\/\/simoffice.pt\/index.php\/wp-json\/wp\/v2\/product\/7829"}],"collection":[{"href":"https:\/\/simoffice.pt\/index.php\/wp-json\/wp\/v2\/product"}],"about":[{"href":"https:\/\/simoffice.pt\/index.php\/wp-json\/wp\/v2\/types\/product"}],"wp:attachment":[{"href":"https:\/\/simoffice.pt\/index.php\/wp-json\/wp\/v2\/media?parent=7829"}],"wp:term":[{"taxonomy":"product_cat","embeddable":true,"href":"https:\/\/simoffice.pt\/index.php\/wp-json\/wp\/v2\/product_cat?post=7829"},{"taxonomy":"product_tag","embeddable":true,"href":"https:\/\/simoffice.pt\/index.php\/wp-json\/wp\/v2\/product_tag?post=7829"}],"curies":[{"name":"wp","href":"https:\/\/api.w.org\/{rel}","templated":true}]}}