{"id":7771,"date":"2022-07-04T17:19:18","date_gmt":"2022-07-04T17:19:18","guid":{"rendered":"https:\/\/simoffice.pt\/index.php\/product\/cisalha-corte-circular-fellowes-a3-electron-10folhas\/"},"modified":"2022-07-04T17:19:24","modified_gmt":"2022-07-04T17:19:24","slug":"cisalha-corte-circular-fellowes-a3-electron-10folhas","status":"publish","type":"product","link":"https:\/\/simoffice.pt\/index.php\/product\/cisalha-corte-circular-fellowes-a3-electron-10folhas\/","title":{"rendered":"Cisalha Corte Circular Fellowes A3 Electron 10Folhas"},"content":{"rendered":"<p>Capacidade de corte at\u00e9 10 folhas (80Gr) de uma vez<br \/>\n*Mecanismo de corte exclusivo com sistema de seguran\u00e7a que mant\u00e9m a l\u00e2mina de a\u00e7o na cabe\u00e7a e que emerge apenas quando toca na superficie de corte, proporcionando a m\u00e1xima seguran\u00e7a<br \/>\n*Sistema exlusivo de guia de luz por LED que indica a linha de corte exacta e proporciona uma maior seguran\u00e7a do que as alternativas com Laser<br \/>\n*Guias de corte com formatos DIN, fotografias e medidas em cm, polegadas e raios para corte em \u00e2ngulo<br \/>\n*Posi\u00e7\u00e3o de bloqueio da cabe\u00e7a de corte para transportar a l\u00e2mina e mudar as l\u00e2minas de forma segura<br \/>\n*Inclui pega de transporte para uma maior portabilidade<br \/>\n*4 Tipos de l\u00e2minas inclu\u00eddas: Corte direito, corte perfurado, corte ondulado e dobrado<br \/>\n*2 Anos de garantia<\/p>\n","protected":false},"excerpt":{"rendered":"<p>Capacidade de corte at\u00e9 10 folhas (80Gr) de uma vez *Mecanismo de corte exclusivo com sistema de seguran\u00e7a que mant\u00e9m a l\u00e2mina de a\u00e7o na cabe\u00e7a e que emerge apenas quando toca na superficie de corte, proporcionando a m\u00e1xima seguran\u00e7a *Sistema exlusivo de guia de luz por LED que indica a linha de corte exacta [&hellip;]<\/p>\n","protected":false},"featured_media":7772,"template":"","meta":[],"product_cat":[74],"product_tag":[],"_links":{"self":[{"href":"https:\/\/simoffice.pt\/index.php\/wp-json\/wp\/v2\/product\/7771"}],"collection":[{"href":"https:\/\/simoffice.pt\/index.php\/wp-json\/wp\/v2\/product"}],"about":[{"href":"https:\/\/simoffice.pt\/index.php\/wp-json\/wp\/v2\/types\/product"}],"wp:featuredmedia":[{"embeddable":true,"href":"https:\/\/simoffice.pt\/index.php\/wp-json\/wp\/v2\/media\/7772"}],"wp:attachment":[{"href":"https:\/\/simoffice.pt\/index.php\/wp-json\/wp\/v2\/media?parent=7771"}],"wp:term":[{"taxonomy":"product_cat","embeddable":true,"href":"https:\/\/simoffice.pt\/index.php\/wp-json\/wp\/v2\/product_cat?post=7771"},{"taxonomy":"product_tag","embeddable":true,"href":"https:\/\/simoffice.pt\/index.php\/wp-json\/wp\/v2\/product_tag?post=7771"}],"curies":[{"name":"wp","href":"https:\/\/api.w.org\/{rel}","templated":true}]}}