{"id":7723,"date":"2022-07-04T17:16:53","date_gmt":"2022-07-04T17:16:53","guid":{"rendered":"https:\/\/simoffice.pt\/index.php\/product\/cabo-scart-macho-p-scart-macho-1-5m-preto\/"},"modified":"2022-07-04T17:16:58","modified_gmt":"2022-07-04T17:16:58","slug":"cabo-scart-macho-p-scart-macho-1-5m-preto","status":"publish","type":"product","link":"https:\/\/simoffice.pt\/index.php\/product\/cabo-scart-macho-p-scart-macho-1-5m-preto\/","title":{"rendered":"Cabo Scart Macho P\/ Scart Macho, 1.5M preto"},"content":{"rendered":"<p>Cabo SCART Macho\/Macho 21 pinos em preto<br \/>\nUtiliza\u00e7\u00e3o em \u00e1udio\/v\u00eddeo, Receptores TDT, Televisores, Leitores DVD e Videogravadores<br \/>\nCabo com comprimento 1.5m<br \/>\nEm preto<\/p>\n","protected":false},"excerpt":{"rendered":"<p>Cabo SCART Macho\/Macho 21 pinos em preto Utiliza\u00e7\u00e3o em \u00e1udio\/v\u00eddeo, Receptores TDT, Televisores, Leitores DVD e Videogravadores Cabo com comprimento 1.5m Em preto<\/p>\n","protected":false},"featured_media":7724,"template":"","meta":[],"product_cat":[75],"product_tag":[],"_links":{"self":[{"href":"https:\/\/simoffice.pt\/index.php\/wp-json\/wp\/v2\/product\/7723"}],"collection":[{"href":"https:\/\/simoffice.pt\/index.php\/wp-json\/wp\/v2\/product"}],"about":[{"href":"https:\/\/simoffice.pt\/index.php\/wp-json\/wp\/v2\/types\/product"}],"wp:featuredmedia":[{"embeddable":true,"href":"https:\/\/simoffice.pt\/index.php\/wp-json\/wp\/v2\/media\/7724"}],"wp:attachment":[{"href":"https:\/\/simoffice.pt\/index.php\/wp-json\/wp\/v2\/media?parent=7723"}],"wp:term":[{"taxonomy":"product_cat","embeddable":true,"href":"https:\/\/simoffice.pt\/index.php\/wp-json\/wp\/v2\/product_cat?post=7723"},{"taxonomy":"product_tag","embeddable":true,"href":"https:\/\/simoffice.pt\/index.php\/wp-json\/wp\/v2\/product_tag?post=7723"}],"curies":[{"name":"wp","href":"https:\/\/api.w.org\/{rel}","templated":true}]}}