{"id":7722,"date":"2022-07-04T17:16:50","date_gmt":"2022-07-04T17:16:50","guid":{"rendered":"https:\/\/simoffice.pt\/index.php\/product\/receptor-tdt-axil-rt-0420-t2\/"},"modified":"2022-07-04T17:16:50","modified_gmt":"2022-07-04T17:16:50","slug":"receptor-tdt-axil-rt-0420-t2","status":"publish","type":"product","link":"https:\/\/simoffice.pt\/index.php\/product\/receptor-tdt-axil-rt-0420-t2\/","title":{"rendered":"Receptor TDT AXIL RT 0420 T2"},"content":{"rendered":"<p>Recetor TDT Media Player HD e SD AXIL RT0420 T2<br \/>\nEste equipamento permite fazer a grava\u00e7\u00e3o de programas, para um dispositivo externo com liga\u00e7\u00e3o USB<br \/>\nLeitura de formatos de video JPEG, MPEG2\/4, MKV (H264)<br \/>\nResolu\u00e7\u00e3o 1080p, 1080i, 720p, 576p, 576i<br \/>\nLeitura de formatos Audio MP3<\/p>\n","protected":false},"excerpt":{"rendered":"<p>Recetor TDT Media Player HD e SD AXIL RT0420 T2 Este equipamento permite fazer a grava\u00e7\u00e3o de programas, para um dispositivo externo com liga\u00e7\u00e3o USB Leitura de formatos de video JPEG, MPEG2\/4, MKV (H264) Resolu\u00e7\u00e3o 1080p, 1080i, 720p, 576p, 576i Leitura de formatos Audio MP3<\/p>\n","protected":false},"featured_media":0,"template":"","meta":[],"product_cat":[76],"product_tag":[],"_links":{"self":[{"href":"https:\/\/simoffice.pt\/index.php\/wp-json\/wp\/v2\/product\/7722"}],"collection":[{"href":"https:\/\/simoffice.pt\/index.php\/wp-json\/wp\/v2\/product"}],"about":[{"href":"https:\/\/simoffice.pt\/index.php\/wp-json\/wp\/v2\/types\/product"}],"wp:attachment":[{"href":"https:\/\/simoffice.pt\/index.php\/wp-json\/wp\/v2\/media?parent=7722"}],"wp:term":[{"taxonomy":"product_cat","embeddable":true,"href":"https:\/\/simoffice.pt\/index.php\/wp-json\/wp\/v2\/product_cat?post=7722"},{"taxonomy":"product_tag","embeddable":true,"href":"https:\/\/simoffice.pt\/index.php\/wp-json\/wp\/v2\/product_tag?post=7722"}],"curies":[{"name":"wp","href":"https:\/\/api.w.org\/{rel}","templated":true}]}}