{"id":7706,"date":"2022-07-04T17:15:59","date_gmt":"2022-07-04T17:15:59","guid":{"rendered":"https:\/\/simoffice.pt\/index.php\/product\/calculadora-de-secretaria-casio-hr150rce-12-digitos-c-fita\/"},"modified":"2022-07-04T17:16:06","modified_gmt":"2022-07-04T17:16:06","slug":"calculadora-de-secretaria-casio-hr150rce-12-digitos-c-fita","status":"publish","type":"product","link":"https:\/\/simoffice.pt\/index.php\/product\/calculadora-de-secretaria-casio-hr150rce-12-digitos-c-fita\/","title":{"rendered":"Calculadora de Secretaria Casio HR150RCE 12 Digitos c \/ Fita"},"content":{"rendered":"<p>Visor de 12 d\u00edgitos,<br \/>\nc\u00e1lculo de impostos,<br \/>\nconversor de divisas,<br \/>\nimpress\u00e3o a 2 cores,<br \/>\nvelocidade: 2 linhas<\/p>\n","protected":false},"excerpt":{"rendered":"<p>Visor de 12 d\u00edgitos, c\u00e1lculo de impostos, conversor de divisas, impress\u00e3o a 2 cores, velocidade: 2 linhas<\/p>\n","protected":false},"featured_media":7708,"template":"","meta":[],"product_cat":[74],"product_tag":[],"_links":{"self":[{"href":"https:\/\/simoffice.pt\/index.php\/wp-json\/wp\/v2\/product\/7706"}],"collection":[{"href":"https:\/\/simoffice.pt\/index.php\/wp-json\/wp\/v2\/product"}],"about":[{"href":"https:\/\/simoffice.pt\/index.php\/wp-json\/wp\/v2\/types\/product"}],"wp:featuredmedia":[{"embeddable":true,"href":"https:\/\/simoffice.pt\/index.php\/wp-json\/wp\/v2\/media\/7708"}],"wp:attachment":[{"href":"https:\/\/simoffice.pt\/index.php\/wp-json\/wp\/v2\/media?parent=7706"}],"wp:term":[{"taxonomy":"product_cat","embeddable":true,"href":"https:\/\/simoffice.pt\/index.php\/wp-json\/wp\/v2\/product_cat?post=7706"},{"taxonomy":"product_tag","embeddable":true,"href":"https:\/\/simoffice.pt\/index.php\/wp-json\/wp\/v2\/product_tag?post=7706"}],"curies":[{"name":"wp","href":"https:\/\/api.w.org\/{rel}","templated":true}]}}