{"id":7658,"date":"2022-07-04T17:13:32","date_gmt":"2022-07-04T17:13:32","guid":{"rendered":"https:\/\/simoffice.pt\/index.php\/product\/kingston-value-ram-8gb-ddr4-2400-1x8gb-cl17\/"},"modified":"2022-07-04T17:13:38","modified_gmt":"2022-07-04T17:13:38","slug":"kingston-value-ram-8gb-ddr4-2400-1x8gb-cl17","status":"publish","type":"product","link":"https:\/\/simoffice.pt\/index.php\/product\/kingston-value-ram-8gb-ddr4-2400-1x8gb-cl17\/","title":{"rendered":"Kingston Value Ram 8GB DDR4 2400 (1X8GB) CL17"},"content":{"rendered":"<p>Mem\u00f3ria DIMM DDR4 8GB<br \/>\n1 M\u00f3dulo de 8GB<br \/>\nCAS Lactency 17, Alimenta\u00e7\u00e3o de 1.2V<br \/>\nMem\u00f3ria de 288 pinos a 2400MHz<br \/>\nModelo KINGSTON ValueRAM<\/p>\n","protected":false},"excerpt":{"rendered":"<p>Mem\u00f3ria DIMM DDR4 8GB 1 M\u00f3dulo de 8GB CAS Lactency 17, Alimenta\u00e7\u00e3o de 1.2V Mem\u00f3ria de 288 pinos a 2400MHz Modelo KINGSTON ValueRAM<\/p>\n","protected":false},"featured_media":7659,"template":"","meta":[],"product_cat":[75],"product_tag":[],"_links":{"self":[{"href":"https:\/\/simoffice.pt\/index.php\/wp-json\/wp\/v2\/product\/7658"}],"collection":[{"href":"https:\/\/simoffice.pt\/index.php\/wp-json\/wp\/v2\/product"}],"about":[{"href":"https:\/\/simoffice.pt\/index.php\/wp-json\/wp\/v2\/types\/product"}],"wp:featuredmedia":[{"embeddable":true,"href":"https:\/\/simoffice.pt\/index.php\/wp-json\/wp\/v2\/media\/7659"}],"wp:attachment":[{"href":"https:\/\/simoffice.pt\/index.php\/wp-json\/wp\/v2\/media?parent=7658"}],"wp:term":[{"taxonomy":"product_cat","embeddable":true,"href":"https:\/\/simoffice.pt\/index.php\/wp-json\/wp\/v2\/product_cat?post=7658"},{"taxonomy":"product_tag","embeddable":true,"href":"https:\/\/simoffice.pt\/index.php\/wp-json\/wp\/v2\/product_tag?post=7658"}],"curies":[{"name":"wp","href":"https:\/\/api.w.org\/{rel}","templated":true}]}}