{"id":7654,"date":"2022-07-04T17:13:20","date_gmt":"2022-07-04T17:13:20","guid":{"rendered":"https:\/\/simoffice.pt\/index.php\/product\/eurotech-smart-ups-850va-510w-1usb-2rj45-2schuko-q3\/"},"modified":"2022-07-04T17:13:26","modified_gmt":"2022-07-04T17:13:26","slug":"eurotech-smart-ups-850va-510w-1usb-2rj45-2schuko-q3","status":"publish","type":"product","link":"https:\/\/simoffice.pt\/index.php\/product\/eurotech-smart-ups-850va-510w-1usb-2rj45-2schuko-q3\/","title":{"rendered":"Eurotech Smart UPS 850VA\/510W 1USB 2RJ45 2Schuko Q3"},"content":{"rendered":"<p>Smart UPS EuroTech 850 VA \/ 510W<br \/>\nPorta USB para monitoriza\u00e7\u00e3o da Smart UPS atrav\u00e9s de Software<br \/>\nProtege a sua liga\u00e7\u00e3o de Rede contra picos de corrente<br \/>\nElevado n\u00edvel de eficiencia 83% em modo inversor<br \/>\nFornece sempre uma energia limpa e est\u00e1vel<\/p>\n","protected":false},"excerpt":{"rendered":"<p>Smart UPS EuroTech 850 VA \/ 510W Porta USB para monitoriza\u00e7\u00e3o da Smart UPS atrav\u00e9s de Software Protege a sua liga\u00e7\u00e3o de Rede contra picos de corrente Elevado n\u00edvel de eficiencia 83% em modo inversor Fornece sempre uma energia limpa e est\u00e1vel<\/p>\n","protected":false},"featured_media":7655,"template":"","meta":[],"product_cat":[75],"product_tag":[],"_links":{"self":[{"href":"https:\/\/simoffice.pt\/index.php\/wp-json\/wp\/v2\/product\/7654"}],"collection":[{"href":"https:\/\/simoffice.pt\/index.php\/wp-json\/wp\/v2\/product"}],"about":[{"href":"https:\/\/simoffice.pt\/index.php\/wp-json\/wp\/v2\/types\/product"}],"wp:featuredmedia":[{"embeddable":true,"href":"https:\/\/simoffice.pt\/index.php\/wp-json\/wp\/v2\/media\/7655"}],"wp:attachment":[{"href":"https:\/\/simoffice.pt\/index.php\/wp-json\/wp\/v2\/media?parent=7654"}],"wp:term":[{"taxonomy":"product_cat","embeddable":true,"href":"https:\/\/simoffice.pt\/index.php\/wp-json\/wp\/v2\/product_cat?post=7654"},{"taxonomy":"product_tag","embeddable":true,"href":"https:\/\/simoffice.pt\/index.php\/wp-json\/wp\/v2\/product_tag?post=7654"}],"curies":[{"name":"wp","href":"https:\/\/api.w.org\/{rel}","templated":true}]}}