{"id":7639,"date":"2022-07-04T17:12:31","date_gmt":"2022-07-04T17:12:31","guid":{"rendered":"https:\/\/simoffice.pt\/index.php\/product\/ngs-microfone-vocal-dinamico-com-carcaca-metalica-3m-fio-jack-63-mm-on-off\/"},"modified":"2022-07-04T17:12:37","modified_gmt":"2022-07-04T17:12:37","slug":"ngs-microfone-vocal-dinamico-com-carcaca-metalica-3m-fio-jack-63-mm-on-off","status":"publish","type":"product","link":"https:\/\/simoffice.pt\/index.php\/product\/ngs-microfone-vocal-dinamico-com-carcaca-metalica-3m-fio-jack-63-mm-on-off\/","title":{"rendered":"NGS Microfone vocal din\u00e2mico com carca\u00e7a met\u00e1lica &#8211; 3M Fio &#8211; JACK 6,3 MM &#8211; ON\/OFF"},"content":{"rendered":"","protected":false},"excerpt":{"rendered":"","protected":false},"featured_media":7640,"template":"","meta":[],"product_cat":[76],"product_tag":[],"_links":{"self":[{"href":"https:\/\/simoffice.pt\/index.php\/wp-json\/wp\/v2\/product\/7639"}],"collection":[{"href":"https:\/\/simoffice.pt\/index.php\/wp-json\/wp\/v2\/product"}],"about":[{"href":"https:\/\/simoffice.pt\/index.php\/wp-json\/wp\/v2\/types\/product"}],"wp:featuredmedia":[{"embeddable":true,"href":"https:\/\/simoffice.pt\/index.php\/wp-json\/wp\/v2\/media\/7640"}],"wp:attachment":[{"href":"https:\/\/simoffice.pt\/index.php\/wp-json\/wp\/v2\/media?parent=7639"}],"wp:term":[{"taxonomy":"product_cat","embeddable":true,"href":"https:\/\/simoffice.pt\/index.php\/wp-json\/wp\/v2\/product_cat?post=7639"},{"taxonomy":"product_tag","embeddable":true,"href":"https:\/\/simoffice.pt\/index.php\/wp-json\/wp\/v2\/product_tag?post=7639"}],"curies":[{"name":"wp","href":"https:\/\/api.w.org\/{rel}","templated":true}]}}