{"id":7602,"date":"2022-07-04T17:10:37","date_gmt":"2022-07-04T17:10:37","guid":{"rendered":"https:\/\/simoffice.pt\/index.php\/product\/logilink-card-reader-all-in-one-usb-3-0-hub\/"},"modified":"2022-07-04T17:10:43","modified_gmt":"2022-07-04T17:10:43","slug":"logilink-card-reader-all-in-one-usb-3-0-hub","status":"publish","type":"product","link":"https:\/\/simoffice.pt\/index.php\/product\/logilink-card-reader-all-in-one-usb-3-0-hub\/","title":{"rendered":"Logilink Card Reader All-In-One &amp; USB 3.0 HUB"},"content":{"rendered":"<p>O HUB USB 3.0 CR0042 da Logilink combina um HUB com um Leitor de Cart\u00f5es. Pode ter acesso a 3 portas USB bem como ler uma grande variedade de cart\u00f5es de mem\u00f3ria sejam eles CF, M2, MS, microSD ou SD.<\/p>\n","protected":false},"excerpt":{"rendered":"<p>O HUB USB 3.0 CR0042 da Logilink combina um HUB com um Leitor de Cart\u00f5es. Pode ter acesso a 3 portas USB bem como ler uma grande variedade de cart\u00f5es de mem\u00f3ria sejam eles CF, M2, MS, microSD ou SD.<\/p>\n","protected":false},"featured_media":7603,"template":"","meta":[],"product_cat":[75],"product_tag":[],"_links":{"self":[{"href":"https:\/\/simoffice.pt\/index.php\/wp-json\/wp\/v2\/product\/7602"}],"collection":[{"href":"https:\/\/simoffice.pt\/index.php\/wp-json\/wp\/v2\/product"}],"about":[{"href":"https:\/\/simoffice.pt\/index.php\/wp-json\/wp\/v2\/types\/product"}],"wp:featuredmedia":[{"embeddable":true,"href":"https:\/\/simoffice.pt\/index.php\/wp-json\/wp\/v2\/media\/7603"}],"wp:attachment":[{"href":"https:\/\/simoffice.pt\/index.php\/wp-json\/wp\/v2\/media?parent=7602"}],"wp:term":[{"taxonomy":"product_cat","embeddable":true,"href":"https:\/\/simoffice.pt\/index.php\/wp-json\/wp\/v2\/product_cat?post=7602"},{"taxonomy":"product_tag","embeddable":true,"href":"https:\/\/simoffice.pt\/index.php\/wp-json\/wp\/v2\/product_tag?post=7602"}],"curies":[{"name":"wp","href":"https:\/\/api.w.org\/{rel}","templated":true}]}}