{"id":7600,"date":"2022-07-04T17:10:29","date_gmt":"2022-07-04T17:10:29","guid":{"rendered":"https:\/\/simoffice.pt\/index.php\/product\/xiaomi-powerbank-mi-2c-20000mah-branco\/"},"modified":"2022-07-04T17:10:36","modified_gmt":"2022-07-04T17:10:36","slug":"xiaomi-powerbank-mi-2c-20000mah-branco","status":"publish","type":"product","link":"https:\/\/simoffice.pt\/index.php\/product\/xiaomi-powerbank-mi-2c-20000mah-branco\/","title":{"rendered":"Xiaomi PowerBank  MI 2C 20000MAH branco"},"content":{"rendered":"<p>O Power Bank Xiaomi Mi 2C (20000mAh) tem a capacidade de recarregar a bateria de um MacBook, podendo estender o alcance do seu MacBook 1,2 vezes, uma vez que permite o uso de USB Tipo-C. Esta power bank recarrega 4,5 vezes umXiaomi Mi 4, 7 vezes um iPhone 6 ou 3 vezes um iPad Mini. Feito de alum\u00ednio de alta qualidade e de uma s\u00f3 pe\u00e7a de alta precis\u00e3o CNC de corte digital, a superficie proporciona resist\u00eancia \u00e0 \u00e1gua (n\u00e3o submerg\u00edvel) e resist\u00eancia \u00e0 corros\u00e3o.Suporta mais de 5000 ciclos de inser\u00e7\u00e3o e Micro USB e 1500 USB.<\/p>\n","protected":false},"excerpt":{"rendered":"<p>O Power Bank Xiaomi Mi 2C (20000mAh) tem a capacidade de recarregar a bateria de um MacBook, podendo estender o alcance do seu MacBook 1,2 vezes, uma vez que permite o uso de USB Tipo-C. Esta power bank recarrega 4,5 vezes umXiaomi Mi 4, 7 vezes um iPhone 6 ou 3 vezes um iPad Mini. [&hellip;]<\/p>\n","protected":false},"featured_media":7601,"template":"","meta":[],"product_cat":[75],"product_tag":[],"_links":{"self":[{"href":"https:\/\/simoffice.pt\/index.php\/wp-json\/wp\/v2\/product\/7600"}],"collection":[{"href":"https:\/\/simoffice.pt\/index.php\/wp-json\/wp\/v2\/product"}],"about":[{"href":"https:\/\/simoffice.pt\/index.php\/wp-json\/wp\/v2\/types\/product"}],"wp:featuredmedia":[{"embeddable":true,"href":"https:\/\/simoffice.pt\/index.php\/wp-json\/wp\/v2\/media\/7601"}],"wp:attachment":[{"href":"https:\/\/simoffice.pt\/index.php\/wp-json\/wp\/v2\/media?parent=7600"}],"wp:term":[{"taxonomy":"product_cat","embeddable":true,"href":"https:\/\/simoffice.pt\/index.php\/wp-json\/wp\/v2\/product_cat?post=7600"},{"taxonomy":"product_tag","embeddable":true,"href":"https:\/\/simoffice.pt\/index.php\/wp-json\/wp\/v2\/product_tag?post=7600"}],"curies":[{"name":"wp","href":"https:\/\/api.w.org\/{rel}","templated":true}]}}