{"id":7553,"date":"2022-07-04T17:07:46","date_gmt":"2022-07-04T17:07:46","guid":{"rendered":"https:\/\/simoffice.pt\/index.php\/product\/samsung-galaxy-tab-a-8-2019-wifi-2gb-32gb-8mp-prateado\/"},"modified":"2022-07-04T17:07:55","modified_gmt":"2022-07-04T17:07:55","slug":"samsung-galaxy-tab-a-8-2019-wifi-2gb-32gb-8mp-prateado","status":"publish","type":"product","link":"https:\/\/simoffice.pt\/index.php\/product\/samsung-galaxy-tab-a-8-2019-wifi-2gb-32gb-8mp-prateado\/","title":{"rendered":"Samsung Galaxy Tab A 8&#8243; 2019 Wifi 2GB\/32GB 8MP Prateado"},"content":{"rendered":"<p>Samsung Galaxy Tab A SM-T290N. Tamanho do ecr\u00e3 na diagonal (pol.): 20,3 cm (8&#8243;), Resolu\u00e7\u00e3o: 1280 x 800 pixels, Tecnologia de apresenta\u00e7\u00e3o: TFT. Capacidade de armazenamento interno: 32 GB. Frequ\u00eancia do processador: 2 GHz. Capacidade da mem\u00f3ria incorporada: 2 GB. Resolu\u00e7\u00e3o da c\u00e2mara traseira (num\u00e9rico): 8 MP, Resolu\u00e7\u00e3o da c\u00e2mara frontal (num\u00e9rico): 2 MP. Top padr\u00e3o Wi-Fi: Wi-Fi 4 (802.11n). Fun\u00e7\u00e3o GPS assistido (A-GPS). Leitor de cart\u00f5es integrado. Peso do produto: 347 g. Sistema operativo instalado: Android 9.0.<\/p>\n","protected":false},"excerpt":{"rendered":"<p>Samsung Galaxy Tab A SM-T290N. Tamanho do ecr\u00e3 na diagonal (pol.): 20,3 cm (8&#8243;), Resolu\u00e7\u00e3o: 1280 x 800 pixels, Tecnologia de apresenta\u00e7\u00e3o: TFT. Capacidade de armazenamento interno: 32 GB. Frequ\u00eancia do processador: 2 GHz. Capacidade da mem\u00f3ria incorporada: 2 GB. Resolu\u00e7\u00e3o da c\u00e2mara traseira (num\u00e9rico): 8 MP, Resolu\u00e7\u00e3o da c\u00e2mara frontal (num\u00e9rico): 2 MP. Top [&hellip;]<\/p>\n","protected":false},"featured_media":7554,"template":"","meta":[],"product_cat":[75],"product_tag":[],"_links":{"self":[{"href":"https:\/\/simoffice.pt\/index.php\/wp-json\/wp\/v2\/product\/7553"}],"collection":[{"href":"https:\/\/simoffice.pt\/index.php\/wp-json\/wp\/v2\/product"}],"about":[{"href":"https:\/\/simoffice.pt\/index.php\/wp-json\/wp\/v2\/types\/product"}],"wp:featuredmedia":[{"embeddable":true,"href":"https:\/\/simoffice.pt\/index.php\/wp-json\/wp\/v2\/media\/7554"}],"wp:attachment":[{"href":"https:\/\/simoffice.pt\/index.php\/wp-json\/wp\/v2\/media?parent=7553"}],"wp:term":[{"taxonomy":"product_cat","embeddable":true,"href":"https:\/\/simoffice.pt\/index.php\/wp-json\/wp\/v2\/product_cat?post=7553"},{"taxonomy":"product_tag","embeddable":true,"href":"https:\/\/simoffice.pt\/index.php\/wp-json\/wp\/v2\/product_tag?post=7553"}],"curies":[{"name":"wp","href":"https:\/\/api.w.org\/{rel}","templated":true}]}}