{"id":7497,"date":"2022-07-04T17:04:55","date_gmt":"2022-07-04T17:04:55","guid":{"rendered":"https:\/\/simoffice.pt\/index.php\/product\/papel-fotog-canson-perform-gloss-210g-a4-20\/"},"modified":"2022-07-04T17:05:01","modified_gmt":"2022-07-04T17:05:01","slug":"papel-fotog-canson-perform-gloss-210g-a4-20","status":"publish","type":"product","link":"https:\/\/simoffice.pt\/index.php\/product\/papel-fotog-canson-perform-gloss-210g-a4-20\/","title":{"rendered":"Papel Fotog Canson Perform Gloss 210g A4 20"},"content":{"rendered":"<p>Compat\u00edveis com todas as impressoras a jato de tinta e tamb\u00e9m com tintas \u00e0 base de pigmentos ou para t\u00eaxteis, oferecem ainda a facilidade de um tempo de secagem r\u00e1pido e resist\u00eancia \u00e0 \u00e1gua.<br \/>\nA gama de papel fotogr\u00e1fico Canson\u00ae Digital Performance \u00e9 ideal para impress\u00f5es fotogr\u00e1ficas de elevada qualidade: proporciona um elevado contraste, cores saturadas e uma reprodu\u00e7\u00e3o fotogr\u00e1fica precisa.<br \/>\nA gama Canson\u00ae Digital Performance \u00e9 ideal para uma manipula\u00e7\u00e3o sucessiva das impress\u00f5es, cria\u00e7\u00e3o de visuais para fins de comunica\u00e7\u00e3o e para criar \u00e1lbuns fotogr\u00e1ficos.<\/p>\n","protected":false},"excerpt":{"rendered":"<p>Compat\u00edveis com todas as impressoras a jato de tinta e tamb\u00e9m com tintas \u00e0 base de pigmentos ou para t\u00eaxteis, oferecem ainda a facilidade de um tempo de secagem r\u00e1pido e resist\u00eancia \u00e0 \u00e1gua. A gama de papel fotogr\u00e1fico Canson\u00ae Digital Performance \u00e9 ideal para impress\u00f5es fotogr\u00e1ficas de elevada qualidade: proporciona um elevado contraste, cores [&hellip;]<\/p>\n","protected":false},"featured_media":7498,"template":"","meta":[],"product_cat":[74],"product_tag":[],"_links":{"self":[{"href":"https:\/\/simoffice.pt\/index.php\/wp-json\/wp\/v2\/product\/7497"}],"collection":[{"href":"https:\/\/simoffice.pt\/index.php\/wp-json\/wp\/v2\/product"}],"about":[{"href":"https:\/\/simoffice.pt\/index.php\/wp-json\/wp\/v2\/types\/product"}],"wp:featuredmedia":[{"embeddable":true,"href":"https:\/\/simoffice.pt\/index.php\/wp-json\/wp\/v2\/media\/7498"}],"wp:attachment":[{"href":"https:\/\/simoffice.pt\/index.php\/wp-json\/wp\/v2\/media?parent=7497"}],"wp:term":[{"taxonomy":"product_cat","embeddable":true,"href":"https:\/\/simoffice.pt\/index.php\/wp-json\/wp\/v2\/product_cat?post=7497"},{"taxonomy":"product_tag","embeddable":true,"href":"https:\/\/simoffice.pt\/index.php\/wp-json\/wp\/v2\/product_tag?post=7497"}],"curies":[{"name":"wp","href":"https:\/\/api.w.org\/{rel}","templated":true}]}}