{"id":7465,"date":"2022-07-04T17:03:20","date_gmt":"2022-07-04T17:03:20","guid":{"rendered":"https:\/\/simoffice.pt\/index.php\/product\/logilink-cabo-usb-3-0-com-docking-station-de-15m\/"},"modified":"2022-07-04T17:03:25","modified_gmt":"2022-07-04T17:03:25","slug":"logilink-cabo-usb-3-0-com-docking-station-de-15m","status":"publish","type":"product","link":"https:\/\/simoffice.pt\/index.php\/product\/logilink-cabo-usb-3-0-com-docking-station-de-15m\/","title":{"rendered":"Logilink Cabo USB 3.0 com Docking Station de 1,5M"},"content":{"rendered":"<p>Com esta docking station LogiLink voc\u00ea pode posicionar a sua porta USB na sua mesa. Taxa de transfer\u00eancia USB 3.0 com uma velocidade de transmiss\u00e3o m\u00e1xima de 5 Gbps. O cabo \u00e9 robusto, dur\u00e1vel e de alta qualidade.Atrav\u00e9s da blindagem est\u00e1 protegido contra interfer\u00eancia eletromagn\u00e9tica. Permite carregar o telem\u00f3vel.<\/p>\n","protected":false},"excerpt":{"rendered":"<p>Com esta docking station LogiLink voc\u00ea pode posicionar a sua porta USB na sua mesa. Taxa de transfer\u00eancia USB 3.0 com uma velocidade de transmiss\u00e3o m\u00e1xima de 5 Gbps. O cabo \u00e9 robusto, dur\u00e1vel e de alta qualidade.Atrav\u00e9s da blindagem est\u00e1 protegido contra interfer\u00eancia eletromagn\u00e9tica. Permite carregar o telem\u00f3vel.<\/p>\n","protected":false},"featured_media":7466,"template":"","meta":[],"product_cat":[75],"product_tag":[],"_links":{"self":[{"href":"https:\/\/simoffice.pt\/index.php\/wp-json\/wp\/v2\/product\/7465"}],"collection":[{"href":"https:\/\/simoffice.pt\/index.php\/wp-json\/wp\/v2\/product"}],"about":[{"href":"https:\/\/simoffice.pt\/index.php\/wp-json\/wp\/v2\/types\/product"}],"wp:featuredmedia":[{"embeddable":true,"href":"https:\/\/simoffice.pt\/index.php\/wp-json\/wp\/v2\/media\/7466"}],"wp:attachment":[{"href":"https:\/\/simoffice.pt\/index.php\/wp-json\/wp\/v2\/media?parent=7465"}],"wp:term":[{"taxonomy":"product_cat","embeddable":true,"href":"https:\/\/simoffice.pt\/index.php\/wp-json\/wp\/v2\/product_cat?post=7465"},{"taxonomy":"product_tag","embeddable":true,"href":"https:\/\/simoffice.pt\/index.php\/wp-json\/wp\/v2\/product_tag?post=7465"}],"curies":[{"name":"wp","href":"https:\/\/api.w.org\/{rel}","templated":true}]}}