{"id":7451,"date":"2022-07-04T17:02:38","date_gmt":"2022-07-04T17:02:38","guid":{"rendered":"https:\/\/simoffice.pt\/index.php\/product\/maquina-contadora-e-classificadora-de-moedas-safescan1250\/"},"modified":"2022-07-04T17:02:45","modified_gmt":"2022-07-04T17:02:45","slug":"maquina-contadora-e-classificadora-de-moedas-safescan1250","status":"publish","type":"product","link":"https:\/\/simoffice.pt\/index.php\/product\/maquina-contadora-e-classificadora-de-moedas-safescan1250\/","title":{"rendered":"Maquina Contadora e classificadora de Moedas Safescan1250"},"content":{"rendered":"<p>Com um funil carregador espa\u00e7oso que suporta 500 moedas e uma velocidade de contagem de 220 moedas por minuto, a Safescan 1250 contar\u00e1 as moedas da sua gaveta de dinheiro num \u00e1pice. Basta deitar as suas moedas da caixa ou saco no funil carregador &#8211; n\u00e3o \u00e9 preciso ordenadas previamente &#8211; e premir a tecla Start.<br \/>\nDeixe que o 1250 o ajude a otimizar o seu fluxo de contagem de numer\u00e1rio. Basta premir &#8220;lote&#8221; e digitar o n\u00famero desejado de cada denomina\u00e7\u00e3o de moedas, depois prima Start. A 1250 far\u00e1 uma pausa sempre que um copo de moedas alcan\u00e7ar a quantia programada. N\u00e3o existe forma mais r\u00e1pida de preparar os seus rolos de moedas, dep\u00f3sitos banc\u00e1rios e gavetas de dinheiro.<br \/>\nPara evitar transbordo, a 1250 para automaticamente quando um dos copos estiver cheio. Depois basta esvazi\u00e1-lo e premir Start para recome\u00e7ar a contagem.<br \/>\nDepois de a 1250 terminar a contagem, basta premir &#8220;relat\u00f3rio&#8221; para ver o n\u00famero total e o valor contado de cada tipo de moeda.<br \/>\nPara tornar as suas tarefas administrativas ainda mais f\u00e1ceis, o Safescan 1250 pode imprimir automaticamente os seus resultados completos na impressora t\u00e9rmica opcional Safescan TP-230.<br \/>\nA Safescan 1250 est\u00e1 dispon\u00edvel nas vers\u00f5es EUR, GBP, CHF, PLN, HUF, SEK, NOK, DKK, CZK, BGN e RON.<\/p>\n<p>Conta e selecciona 220 moedas por minuto<br \/>\nCapacidade de 300-500 moedas<br \/>\nCom fun\u00e7\u00e3o de adi\u00e7\u00e3o e medi\u00e7\u00e3o<br \/>\nValor total e contagem por tipo de moeda<br \/>\nFun\u00e7\u00e3o de imprimir: exporte os resultados de contagem para a impressora Safescan TP-230 (dispon\u00edveis como op\u00e7\u00e3o)<br \/>\nAutostop quando o recepiente estiver cheio<br \/>\nManuseamento f\u00e1cil<br \/>\nMoeda: Euros<br \/>\nDiimens\u00f5es: 355 x 330 x 266mm<br \/>\nPeso: 5kg<br \/>\nVoltagem: AC220V-240V<br \/>\nCertificado pela UE<\/p>\n","protected":false},"excerpt":{"rendered":"<p>Com um funil carregador espa\u00e7oso que suporta 500 moedas e uma velocidade de contagem de 220 moedas por minuto, a Safescan 1250 contar\u00e1 as moedas da sua gaveta de dinheiro num \u00e1pice. Basta deitar as suas moedas da caixa ou saco no funil carregador &#8211; n\u00e3o \u00e9 preciso ordenadas previamente &#8211; e premir a tecla [&hellip;]<\/p>\n","protected":false},"featured_media":7452,"template":"","meta":[],"product_cat":[74],"product_tag":[],"_links":{"self":[{"href":"https:\/\/simoffice.pt\/index.php\/wp-json\/wp\/v2\/product\/7451"}],"collection":[{"href":"https:\/\/simoffice.pt\/index.php\/wp-json\/wp\/v2\/product"}],"about":[{"href":"https:\/\/simoffice.pt\/index.php\/wp-json\/wp\/v2\/types\/product"}],"wp:featuredmedia":[{"embeddable":true,"href":"https:\/\/simoffice.pt\/index.php\/wp-json\/wp\/v2\/media\/7452"}],"wp:attachment":[{"href":"https:\/\/simoffice.pt\/index.php\/wp-json\/wp\/v2\/media?parent=7451"}],"wp:term":[{"taxonomy":"product_cat","embeddable":true,"href":"https:\/\/simoffice.pt\/index.php\/wp-json\/wp\/v2\/product_cat?post=7451"},{"taxonomy":"product_tag","embeddable":true,"href":"https:\/\/simoffice.pt\/index.php\/wp-json\/wp\/v2\/product_tag?post=7451"}],"curies":[{"name":"wp","href":"https:\/\/api.w.org\/{rel}","templated":true}]}}