{"id":7449,"date":"2022-07-04T17:02:30","date_gmt":"2022-07-04T17:02:30","guid":{"rendered":"https:\/\/simoffice.pt\/index.php\/product\/ecra-electrico-lumene-embassy-hd-200c\/"},"modified":"2022-07-04T17:02:37","modified_gmt":"2022-07-04T17:02:37","slug":"ecra-electrico-lumene-embassy-hd-200c","status":"publish","type":"product","link":"https:\/\/simoffice.pt\/index.php\/product\/ecra-electrico-lumene-embassy-hd-200c\/","title":{"rendered":"Ecr\u00e3 el\u00e9ctrico Lumene Embassy HD 200C"},"content":{"rendered":"<p>Tela de proje\u00e7\u00e3o el\u00e9trica. Acabamento branco com moldura preta e extra Drop.Inclui comando e recetor IR. Boa rela\u00e7\u00e3o qualidade\/pre\u00e7o. Montagem no teto\/parede.<\/p>\n","protected":false},"excerpt":{"rendered":"<p>Tela de proje\u00e7\u00e3o el\u00e9trica. Acabamento branco com moldura preta e extra Drop.Inclui comando e recetor IR. Boa rela\u00e7\u00e3o qualidade\/pre\u00e7o. Montagem no teto\/parede.<\/p>\n","protected":false},"featured_media":7450,"template":"","meta":[],"product_cat":[76],"product_tag":[],"_links":{"self":[{"href":"https:\/\/simoffice.pt\/index.php\/wp-json\/wp\/v2\/product\/7449"}],"collection":[{"href":"https:\/\/simoffice.pt\/index.php\/wp-json\/wp\/v2\/product"}],"about":[{"href":"https:\/\/simoffice.pt\/index.php\/wp-json\/wp\/v2\/types\/product"}],"wp:featuredmedia":[{"embeddable":true,"href":"https:\/\/simoffice.pt\/index.php\/wp-json\/wp\/v2\/media\/7450"}],"wp:attachment":[{"href":"https:\/\/simoffice.pt\/index.php\/wp-json\/wp\/v2\/media?parent=7449"}],"wp:term":[{"taxonomy":"product_cat","embeddable":true,"href":"https:\/\/simoffice.pt\/index.php\/wp-json\/wp\/v2\/product_cat?post=7449"},{"taxonomy":"product_tag","embeddable":true,"href":"https:\/\/simoffice.pt\/index.php\/wp-json\/wp\/v2\/product_tag?post=7449"}],"curies":[{"name":"wp","href":"https:\/\/api.w.org\/{rel}","templated":true}]}}