{"id":7446,"date":"2022-07-04T17:02:23","date_gmt":"2022-07-04T17:02:23","guid":{"rendered":"https:\/\/simoffice.pt\/index.php\/product\/ngs-leitor-de-cartoes-ligacao-usb-2-0-tudo-em-um\/"},"modified":"2022-07-04T17:02:23","modified_gmt":"2022-07-04T17:02:23","slug":"ngs-leitor-de-cartoes-ligacao-usb-2-0-tudo-em-um","status":"publish","type":"product","link":"https:\/\/simoffice.pt\/index.php\/product\/ngs-leitor-de-cartoes-ligacao-usb-2-0-tudo-em-um\/","title":{"rendered":"NGS Leitor de cart\u00f5es liga\u00e7\u00e3o USB 2.0 &#8220;Tudo em Um&#8221;"},"content":{"rendered":"","protected":false},"excerpt":{"rendered":"","protected":false},"featured_media":0,"template":"","meta":[],"product_cat":[75],"product_tag":[],"_links":{"self":[{"href":"https:\/\/simoffice.pt\/index.php\/wp-json\/wp\/v2\/product\/7446"}],"collection":[{"href":"https:\/\/simoffice.pt\/index.php\/wp-json\/wp\/v2\/product"}],"about":[{"href":"https:\/\/simoffice.pt\/index.php\/wp-json\/wp\/v2\/types\/product"}],"wp:attachment":[{"href":"https:\/\/simoffice.pt\/index.php\/wp-json\/wp\/v2\/media?parent=7446"}],"wp:term":[{"taxonomy":"product_cat","embeddable":true,"href":"https:\/\/simoffice.pt\/index.php\/wp-json\/wp\/v2\/product_cat?post=7446"},{"taxonomy":"product_tag","embeddable":true,"href":"https:\/\/simoffice.pt\/index.php\/wp-json\/wp\/v2\/product_tag?post=7446"}],"curies":[{"name":"wp","href":"https:\/\/api.w.org\/{rel}","templated":true}]}}