{"id":7428,"date":"2022-07-04T17:01:19","date_gmt":"2022-07-04T17:01:19","guid":{"rendered":"https:\/\/simoffice.pt\/index.php\/product\/ups-apc-back-ups-500va-avr-saidas-iec-bx500ci\/"},"modified":"2022-07-04T17:01:26","modified_gmt":"2022-07-04T17:01:26","slug":"ups-apc-back-ups-500va-avr-saidas-iec-bx500ci","status":"publish","type":"product","link":"https:\/\/simoffice.pt\/index.php\/product\/ups-apc-back-ups-500va-avr-saidas-iec-bx500ci\/","title":{"rendered":"UPS APC Back-UPS 500VA, AVR, sa\u00eddas IEC &#8211; BX500CI"},"content":{"rendered":"<p>APC Back-UPS. Frequ\u00eancia: 45\/65. Tipos de AC outlet: C13 coupler. Tecnologia da bateria: Chumbo-\u00e1cido selado (VRLA), Alarme de substitui\u00e7\u00e3o de bateria: LED. Fator de forma: Torre, Cor da caixa: Preto. Topologia UPS: Linha interativa, Forma de onda: Sine, Modos de alarme aud\u00edveis: Low battery alarm, Overload alarm<\/p>\n","protected":false},"excerpt":{"rendered":"<p>APC Back-UPS. Frequ\u00eancia: 45\/65. Tipos de AC outlet: C13 coupler. Tecnologia da bateria: Chumbo-\u00e1cido selado (VRLA), Alarme de substitui\u00e7\u00e3o de bateria: LED. Fator de forma: Torre, Cor da caixa: Preto. Topologia UPS: Linha interativa, Forma de onda: Sine, Modos de alarme aud\u00edveis: Low battery alarm, Overload alarm<\/p>\n","protected":false},"featured_media":7429,"template":"","meta":[],"product_cat":[75],"product_tag":[],"_links":{"self":[{"href":"https:\/\/simoffice.pt\/index.php\/wp-json\/wp\/v2\/product\/7428"}],"collection":[{"href":"https:\/\/simoffice.pt\/index.php\/wp-json\/wp\/v2\/product"}],"about":[{"href":"https:\/\/simoffice.pt\/index.php\/wp-json\/wp\/v2\/types\/product"}],"wp:featuredmedia":[{"embeddable":true,"href":"https:\/\/simoffice.pt\/index.php\/wp-json\/wp\/v2\/media\/7429"}],"wp:attachment":[{"href":"https:\/\/simoffice.pt\/index.php\/wp-json\/wp\/v2\/media?parent=7428"}],"wp:term":[{"taxonomy":"product_cat","embeddable":true,"href":"https:\/\/simoffice.pt\/index.php\/wp-json\/wp\/v2\/product_cat?post=7428"},{"taxonomy":"product_tag","embeddable":true,"href":"https:\/\/simoffice.pt\/index.php\/wp-json\/wp\/v2\/product_tag?post=7428"}],"curies":[{"name":"wp","href":"https:\/\/api.w.org\/{rel}","templated":true}]}}