{"id":7426,"date":"2022-07-04T17:01:14","date_gmt":"2022-07-04T17:01:14","guid":{"rendered":"https:\/\/simoffice.pt\/index.php\/product\/apc-back-ups-700va-230v-avr-bx700ui\/"},"modified":"2022-07-04T17:01:21","modified_gmt":"2022-07-04T17:01:21","slug":"apc-back-ups-700va-230v-avr-bx700ui","status":"publish","type":"product","link":"https:\/\/simoffice.pt\/index.php\/product\/apc-back-ups-700va-230v-avr-bx700ui\/","title":{"rendered":"APC Back-UPS 700VA, 230V, AVR -BX700UI"},"content":{"rendered":"<p>APC BX700UI. Capacidade de energia de sa\u00edda (VA): 700 VA, Pot\u00eancia de sa\u00edda: 390W, Voltagem de entrada operativa (min): 140V. Tipos de AC outlet: C13 coupler, Ficha: C14 coupler, Comprimento do cabo: 1,22m. Tecnologia da bateria: Chumbo-\u00e1cido selado (VRLA), Tempo de carga: 6h, Tempo de backup (meia carga): 8,7 min. Cor da caixa: Preto.<\/p>\n","protected":false},"excerpt":{"rendered":"<p>APC BX700UI. Capacidade de energia de sa\u00edda (VA): 700 VA, Pot\u00eancia de sa\u00edda: 390W, Voltagem de entrada operativa (min): 140V. Tipos de AC outlet: C13 coupler, Ficha: C14 coupler, Comprimento do cabo: 1,22m. Tecnologia da bateria: Chumbo-\u00e1cido selado (VRLA), Tempo de carga: 6h, Tempo de backup (meia carga): 8,7 min. Cor da caixa: Preto.<\/p>\n","protected":false},"featured_media":7427,"template":"","meta":[],"product_cat":[75],"product_tag":[],"_links":{"self":[{"href":"https:\/\/simoffice.pt\/index.php\/wp-json\/wp\/v2\/product\/7426"}],"collection":[{"href":"https:\/\/simoffice.pt\/index.php\/wp-json\/wp\/v2\/product"}],"about":[{"href":"https:\/\/simoffice.pt\/index.php\/wp-json\/wp\/v2\/types\/product"}],"wp:featuredmedia":[{"embeddable":true,"href":"https:\/\/simoffice.pt\/index.php\/wp-json\/wp\/v2\/media\/7427"}],"wp:attachment":[{"href":"https:\/\/simoffice.pt\/index.php\/wp-json\/wp\/v2\/media?parent=7426"}],"wp:term":[{"taxonomy":"product_cat","embeddable":true,"href":"https:\/\/simoffice.pt\/index.php\/wp-json\/wp\/v2\/product_cat?post=7426"},{"taxonomy":"product_tag","embeddable":true,"href":"https:\/\/simoffice.pt\/index.php\/wp-json\/wp\/v2\/product_tag?post=7426"}],"curies":[{"name":"wp","href":"https:\/\/api.w.org\/{rel}","templated":true}]}}