{"id":7410,"date":"2022-07-04T17:00:13","date_gmt":"2022-07-04T17:00:13","guid":{"rendered":"https:\/\/simoffice.pt\/index.php\/product\/ecra-tripe-lumene-arcadia-200v-43-203x152cm\/"},"modified":"2022-07-04T17:00:23","modified_gmt":"2022-07-04T17:00:23","slug":"ecra-tripe-lumene-arcadia-200v-43-203x152cm","status":"publish","type":"product","link":"https:\/\/simoffice.pt\/index.php\/product\/ecra-tripe-lumene-arcadia-200v-43-203x152cm\/","title":{"rendered":"Ecr\u00e3 Trip\u00e9 Lumene Arcadia 200V (4:3) 203x152cm"},"content":{"rendered":"<p>Ecran Trip\u00e9. Acabamento branco com bordas pretas. Port\u00e1til e f\u00e1cil de instalar.<\/p>\n","protected":false},"excerpt":{"rendered":"<p>Ecran Trip\u00e9. Acabamento branco com bordas pretas. Port\u00e1til e f\u00e1cil de instalar.<\/p>\n","protected":false},"featured_media":7412,"template":"","meta":[],"product_cat":[76],"product_tag":[],"_links":{"self":[{"href":"https:\/\/simoffice.pt\/index.php\/wp-json\/wp\/v2\/product\/7410"}],"collection":[{"href":"https:\/\/simoffice.pt\/index.php\/wp-json\/wp\/v2\/product"}],"about":[{"href":"https:\/\/simoffice.pt\/index.php\/wp-json\/wp\/v2\/types\/product"}],"wp:featuredmedia":[{"embeddable":true,"href":"https:\/\/simoffice.pt\/index.php\/wp-json\/wp\/v2\/media\/7412"}],"wp:attachment":[{"href":"https:\/\/simoffice.pt\/index.php\/wp-json\/wp\/v2\/media?parent=7410"}],"wp:term":[{"taxonomy":"product_cat","embeddable":true,"href":"https:\/\/simoffice.pt\/index.php\/wp-json\/wp\/v2\/product_cat?post=7410"},{"taxonomy":"product_tag","embeddable":true,"href":"https:\/\/simoffice.pt\/index.php\/wp-json\/wp\/v2\/product_tag?post=7410"}],"curies":[{"name":"wp","href":"https:\/\/api.w.org\/{rel}","templated":true}]}}