{"id":7383,"date":"2022-07-04T16:58:47","date_gmt":"2022-07-04T16:58:47","guid":{"rendered":"https:\/\/simoffice.pt\/index.php\/product\/pilha-1-5v-125mah-lr44-10un-bl\/"},"modified":"2022-07-04T16:58:53","modified_gmt":"2022-07-04T16:58:53","slug":"pilha-1-5v-125mah-lr44-10un-bl","status":"publish","type":"product","link":"https:\/\/simoffice.pt\/index.php\/product\/pilha-1-5v-125mah-lr44-10un-bl\/","title":{"rendered":"Pilha 1.5V-125mAh LR44 10un \/ bl"},"content":{"rendered":"<p>&gt; Tens\u00e3o: 1.5V<br \/>\n&gt; Capacidade: 125mAh<br \/>\n&gt; Dimens\u00f5es: \u00d811.6 x 5,4 mil\u00edmetros<br \/>\n&gt; IEC: LR44<br \/>\n&gt; Refer\u00eancia cruzada: A76, AG13, SR44, V357<\/p>\n","protected":false},"excerpt":{"rendered":"<p>&gt; Tens\u00e3o: 1.5V &gt; Capacidade: 125mAh &gt; Dimens\u00f5es: \u00d811.6 x 5,4 mil\u00edmetros &gt; IEC: LR44 &gt; Refer\u00eancia cruzada: A76, AG13, SR44, V357<\/p>\n","protected":false},"featured_media":7384,"template":"","meta":[],"product_cat":[74],"product_tag":[],"_links":{"self":[{"href":"https:\/\/simoffice.pt\/index.php\/wp-json\/wp\/v2\/product\/7383"}],"collection":[{"href":"https:\/\/simoffice.pt\/index.php\/wp-json\/wp\/v2\/product"}],"about":[{"href":"https:\/\/simoffice.pt\/index.php\/wp-json\/wp\/v2\/types\/product"}],"wp:featuredmedia":[{"embeddable":true,"href":"https:\/\/simoffice.pt\/index.php\/wp-json\/wp\/v2\/media\/7384"}],"wp:attachment":[{"href":"https:\/\/simoffice.pt\/index.php\/wp-json\/wp\/v2\/media?parent=7383"}],"wp:term":[{"taxonomy":"product_cat","embeddable":true,"href":"https:\/\/simoffice.pt\/index.php\/wp-json\/wp\/v2\/product_cat?post=7383"},{"taxonomy":"product_tag","embeddable":true,"href":"https:\/\/simoffice.pt\/index.php\/wp-json\/wp\/v2\/product_tag?post=7383"}],"curies":[{"name":"wp","href":"https:\/\/api.w.org\/{rel}","templated":true}]}}