{"id":7357,"date":"2022-07-04T16:57:27","date_gmt":"2022-07-04T16:57:27","guid":{"rendered":"https:\/\/simoffice.pt\/index.php\/product\/pack-desenrolador-punho-dispensador\/"},"modified":"2022-07-04T16:57:33","modified_gmt":"2022-07-04T16:57:33","slug":"pack-desenrolador-punho-dispensador","status":"publish","type":"product","link":"https:\/\/simoffice.pt\/index.php\/product\/pack-desenrolador-punho-dispensador\/","title":{"rendered":"Pack desenrolador punho (dispensador)"},"content":{"rendered":"<p>Caracter\u00edsticas<br \/>\ninclui: 2 rolos de fita e 1 dispensador<\/p>\n<p>Especifica\u00e7\u00f5es<br \/>\nmaterial de que \u00e9 feito a fita: polipropileno orientado biaxialmente (BOPP)<br \/>\ndimens\u00f5es do rolo: 50 m x 48 mm<br \/>\npeso: 320 g<br \/>\nInforma\u00e7\u00e3o sobre a embalagem<br \/>\nTipo de embalagem:Box (Carton)<\/p>\n","protected":false},"excerpt":{"rendered":"<p>Caracter\u00edsticas inclui: 2 rolos de fita e 1 dispensador Especifica\u00e7\u00f5es material de que \u00e9 feito a fita: polipropileno orientado biaxialmente (BOPP) dimens\u00f5es do rolo: 50 m x 48 mm peso: 320 g Informa\u00e7\u00e3o sobre a embalagem Tipo de embalagem:Box (Carton)<\/p>\n","protected":false},"featured_media":7358,"template":"","meta":[],"product_cat":[74],"product_tag":[],"_links":{"self":[{"href":"https:\/\/simoffice.pt\/index.php\/wp-json\/wp\/v2\/product\/7357"}],"collection":[{"href":"https:\/\/simoffice.pt\/index.php\/wp-json\/wp\/v2\/product"}],"about":[{"href":"https:\/\/simoffice.pt\/index.php\/wp-json\/wp\/v2\/types\/product"}],"wp:featuredmedia":[{"embeddable":true,"href":"https:\/\/simoffice.pt\/index.php\/wp-json\/wp\/v2\/media\/7358"}],"wp:attachment":[{"href":"https:\/\/simoffice.pt\/index.php\/wp-json\/wp\/v2\/media?parent=7357"}],"wp:term":[{"taxonomy":"product_cat","embeddable":true,"href":"https:\/\/simoffice.pt\/index.php\/wp-json\/wp\/v2\/product_cat?post=7357"},{"taxonomy":"product_tag","embeddable":true,"href":"https:\/\/simoffice.pt\/index.php\/wp-json\/wp\/v2\/product_tag?post=7357"}],"curies":[{"name":"wp","href":"https:\/\/api.w.org\/{rel}","templated":true}]}}