{"id":7345,"date":"2022-07-04T16:56:51","date_gmt":"2022-07-04T16:56:51","guid":{"rendered":"https:\/\/simoffice.pt\/index.php\/product\/a-data-micro-sdhc-32gb-u3-class-10-v30-c-adaptador-sd\/"},"modified":"2022-07-04T16:56:57","modified_gmt":"2022-07-04T16:56:57","slug":"a-data-micro-sdhc-32gb-u3-class-10-v30-c-adaptador-sd","status":"publish","type":"product","link":"https:\/\/simoffice.pt\/index.php\/product\/a-data-micro-sdhc-32gb-u3-class-10-v30-c-adaptador-sd\/","title":{"rendered":"A-Data Micro SDHC 32GB U3 Class 10 V30 C\/Adaptador SD"},"content":{"rendered":"<p>MICRO SDHC UHS-I U3 32GB CLASS 10 ADATA com Adaptador SD. Dimens\u00f5es 11 x 15 x 1mm e Peso: 0.25g. Suporta FHD 1080p e UHD 4K grava\u00e7\u00e3o e reprodu\u00e7\u00e3o. Qualidade extra, Durabilidade extra, Excelente Produto ADATA. Suporta V30 para grava\u00e7\u00e3o de v\u00eddeo mais r\u00e1pidaVelocidade de leitural at\u00e9 95 MB\/s. \u00c0 prova de \u00e1gua, choque, raio x est\u00e1tica e resistente a interfer\u00eancias magn\u00e9ticas. Resistencia a altera\u00e7\u00f5es de temperatura extremas.<\/p>\n","protected":false},"excerpt":{"rendered":"<p>MICRO SDHC UHS-I U3 32GB CLASS 10 ADATA com Adaptador SD. Dimens\u00f5es 11 x 15 x 1mm e Peso: 0.25g. Suporta FHD 1080p e UHD 4K grava\u00e7\u00e3o e reprodu\u00e7\u00e3o. Qualidade extra, Durabilidade extra, Excelente Produto ADATA. Suporta V30 para grava\u00e7\u00e3o de v\u00eddeo mais r\u00e1pidaVelocidade de leitural at\u00e9 95 MB\/s. \u00c0 prova de \u00e1gua, choque, raio [&hellip;]<\/p>\n","protected":false},"featured_media":7346,"template":"","meta":[],"product_cat":[75],"product_tag":[],"_links":{"self":[{"href":"https:\/\/simoffice.pt\/index.php\/wp-json\/wp\/v2\/product\/7345"}],"collection":[{"href":"https:\/\/simoffice.pt\/index.php\/wp-json\/wp\/v2\/product"}],"about":[{"href":"https:\/\/simoffice.pt\/index.php\/wp-json\/wp\/v2\/types\/product"}],"wp:featuredmedia":[{"embeddable":true,"href":"https:\/\/simoffice.pt\/index.php\/wp-json\/wp\/v2\/media\/7346"}],"wp:attachment":[{"href":"https:\/\/simoffice.pt\/index.php\/wp-json\/wp\/v2\/media?parent=7345"}],"wp:term":[{"taxonomy":"product_cat","embeddable":true,"href":"https:\/\/simoffice.pt\/index.php\/wp-json\/wp\/v2\/product_cat?post=7345"},{"taxonomy":"product_tag","embeddable":true,"href":"https:\/\/simoffice.pt\/index.php\/wp-json\/wp\/v2\/product_tag?post=7345"}],"curies":[{"name":"wp","href":"https:\/\/api.w.org\/{rel}","templated":true}]}}