{"id":7340,"date":"2022-07-04T16:56:31","date_gmt":"2022-07-04T16:56:31","guid":{"rendered":"https:\/\/simoffice.pt\/index.php\/product\/tesa-fita-adesiva-dupla-face-universa-10mtx50mm\/"},"modified":"2022-07-04T16:56:42","modified_gmt":"2022-07-04T16:56:42","slug":"tesa-fita-adesiva-dupla-face-universa-10mtx50mm","status":"publish","type":"product","link":"https:\/\/simoffice.pt\/index.php\/product\/tesa-fita-adesiva-dupla-face-universa-10mtx50mm\/","title":{"rendered":"Tesa Fita Adesiva Dupla Face Universa 10mtx50mm"},"content":{"rendered":"<p>Para fixar alcatifas em diferentes superf\u00edcies, para trabalhos manuais e decora\u00e7\u00e3o.<\/p>\n<p>Ideal para coloca\u00e7\u00e3o de alcatifas e fixa\u00e7\u00e3o permanente de diferentes materiais.<\/p>\n","protected":false},"excerpt":{"rendered":"<p>Para fixar alcatifas em diferentes superf\u00edcies, para trabalhos manuais e decora\u00e7\u00e3o. Ideal para coloca\u00e7\u00e3o de alcatifas e fixa\u00e7\u00e3o permanente de diferentes materiais.<\/p>\n","protected":false},"featured_media":7341,"template":"","meta":[],"product_cat":[74],"product_tag":[],"_links":{"self":[{"href":"https:\/\/simoffice.pt\/index.php\/wp-json\/wp\/v2\/product\/7340"}],"collection":[{"href":"https:\/\/simoffice.pt\/index.php\/wp-json\/wp\/v2\/product"}],"about":[{"href":"https:\/\/simoffice.pt\/index.php\/wp-json\/wp\/v2\/types\/product"}],"wp:featuredmedia":[{"embeddable":true,"href":"https:\/\/simoffice.pt\/index.php\/wp-json\/wp\/v2\/media\/7341"}],"wp:attachment":[{"href":"https:\/\/simoffice.pt\/index.php\/wp-json\/wp\/v2\/media?parent=7340"}],"wp:term":[{"taxonomy":"product_cat","embeddable":true,"href":"https:\/\/simoffice.pt\/index.php\/wp-json\/wp\/v2\/product_cat?post=7340"},{"taxonomy":"product_tag","embeddable":true,"href":"https:\/\/simoffice.pt\/index.php\/wp-json\/wp\/v2\/product_tag?post=7340"}],"curies":[{"name":"wp","href":"https:\/\/api.w.org\/{rel}","templated":true}]}}