{"id":7292,"date":"2022-07-04T16:53:56","date_gmt":"2022-07-04T16:53:56","guid":{"rendered":"https:\/\/simoffice.pt\/index.php\/product\/receptor-iptv-formuler-zx-5g-4k-android-wifi\/"},"modified":"2022-07-04T16:54:04","modified_gmt":"2022-07-04T16:54:04","slug":"receptor-iptv-formuler-zx-5g-4k-android-wifi","status":"publish","type":"product","link":"https:\/\/simoffice.pt\/index.php\/product\/receptor-iptv-formuler-zx-5g-4k-android-wifi\/","title":{"rendered":"Receptor IPTV Formuler Zx 5G 4K Android WiFi"},"content":{"rendered":"<p>Novo Formuler Zx 5G! Agora com antena dual band para um duplo desempenho! Vem com sistema operacional Android 7, 8GB eMMC, 1GB SDRAM (DDR4), processador Quad Core Hisilicon, DVB-T2 e suporte 4K HEVC. Al\u00e9m disso, com v\u00e1rios aplicativos, incluindo o pr\u00f3prio portal MYTVOnline da Formuler e experi\u00eancia m\u00f3vel com o Air Sync Remote Z.<br \/>\nSeu design \u00e9 fino e compacto, tornando-o elegante e moderno.<br \/>\nCom um pre\u00e7o como este torna-se num best-seller!!<\/p>\n","protected":false},"excerpt":{"rendered":"<p>Novo Formuler Zx 5G! Agora com antena dual band para um duplo desempenho! Vem com sistema operacional Android 7, 8GB eMMC, 1GB SDRAM (DDR4), processador Quad Core Hisilicon, DVB-T2 e suporte 4K HEVC. Al\u00e9m disso, com v\u00e1rios aplicativos, incluindo o pr\u00f3prio portal MYTVOnline da Formuler e experi\u00eancia m\u00f3vel com o Air Sync Remote Z. Seu [&hellip;]<\/p>\n","protected":false},"featured_media":7293,"template":"","meta":[],"product_cat":[76],"product_tag":[],"_links":{"self":[{"href":"https:\/\/simoffice.pt\/index.php\/wp-json\/wp\/v2\/product\/7292"}],"collection":[{"href":"https:\/\/simoffice.pt\/index.php\/wp-json\/wp\/v2\/product"}],"about":[{"href":"https:\/\/simoffice.pt\/index.php\/wp-json\/wp\/v2\/types\/product"}],"wp:featuredmedia":[{"embeddable":true,"href":"https:\/\/simoffice.pt\/index.php\/wp-json\/wp\/v2\/media\/7293"}],"wp:attachment":[{"href":"https:\/\/simoffice.pt\/index.php\/wp-json\/wp\/v2\/media?parent=7292"}],"wp:term":[{"taxonomy":"product_cat","embeddable":true,"href":"https:\/\/simoffice.pt\/index.php\/wp-json\/wp\/v2\/product_cat?post=7292"},{"taxonomy":"product_tag","embeddable":true,"href":"https:\/\/simoffice.pt\/index.php\/wp-json\/wp\/v2\/product_tag?post=7292"}],"curies":[{"name":"wp","href":"https:\/\/api.w.org\/{rel}","templated":true}]}}