{"id":7233,"date":"2022-07-04T16:50:48","date_gmt":"2022-07-04T16:50:48","guid":{"rendered":"https:\/\/simoffice.pt\/index.php\/product\/corrector-caneta-uhu-ponta-metal\/"},"modified":"2022-07-04T16:50:54","modified_gmt":"2022-07-04T16:50:54","slug":"corrector-caneta-uhu-ponta-metal","status":"publish","type":"product","link":"https:\/\/simoffice.pt\/index.php\/product\/corrector-caneta-uhu-ponta-metal\/","title":{"rendered":"Corrector Caneta UHU ponta metal"},"content":{"rendered":"<p>Indicado para corrigir sobre todos os tipos de papel.<br \/>\nF\u00e1cil de manipular. Ponta met\u00e1lica para uma corre\u00e7\u00e3o precisa.<\/p>\n","protected":false},"excerpt":{"rendered":"<p>Indicado para corrigir sobre todos os tipos de papel. F\u00e1cil de manipular. Ponta met\u00e1lica para uma corre\u00e7\u00e3o precisa.<\/p>\n","protected":false},"featured_media":7234,"template":"","meta":[],"product_cat":[74],"product_tag":[],"_links":{"self":[{"href":"https:\/\/simoffice.pt\/index.php\/wp-json\/wp\/v2\/product\/7233"}],"collection":[{"href":"https:\/\/simoffice.pt\/index.php\/wp-json\/wp\/v2\/product"}],"about":[{"href":"https:\/\/simoffice.pt\/index.php\/wp-json\/wp\/v2\/types\/product"}],"wp:featuredmedia":[{"embeddable":true,"href":"https:\/\/simoffice.pt\/index.php\/wp-json\/wp\/v2\/media\/7234"}],"wp:attachment":[{"href":"https:\/\/simoffice.pt\/index.php\/wp-json\/wp\/v2\/media?parent=7233"}],"wp:term":[{"taxonomy":"product_cat","embeddable":true,"href":"https:\/\/simoffice.pt\/index.php\/wp-json\/wp\/v2\/product_cat?post=7233"},{"taxonomy":"product_tag","embeddable":true,"href":"https:\/\/simoffice.pt\/index.php\/wp-json\/wp\/v2\/product_tag?post=7233"}],"curies":[{"name":"wp","href":"https:\/\/api.w.org\/{rel}","templated":true}]}}