{"id":7156,"date":"2022-07-04T16:46:53","date_gmt":"2022-07-04T16:46:53","guid":{"rendered":"https:\/\/simoffice.pt\/index.php\/product\/zebra-impressora-transferencia-termica-203dpi-zt410-serie-usb-ethernet\/"},"modified":"2022-07-04T16:46:53","modified_gmt":"2022-07-04T16:46:53","slug":"zebra-impressora-transferencia-termica-203dpi-zt410-serie-usb-ethernet","status":"publish","type":"product","link":"https:\/\/simoffice.pt\/index.php\/product\/zebra-impressora-transferencia-termica-203dpi-zt410-serie-usb-ethernet\/","title":{"rendered":"Zebra impressora transfer\u00eancia t\u00e9rmica 203dpi ZT410 s\u00e9rie\/USB\/Ethernet"},"content":{"rendered":"","protected":false},"excerpt":{"rendered":"","protected":false},"featured_media":0,"template":"","meta":[],"product_cat":[75],"product_tag":[],"_links":{"self":[{"href":"https:\/\/simoffice.pt\/index.php\/wp-json\/wp\/v2\/product\/7156"}],"collection":[{"href":"https:\/\/simoffice.pt\/index.php\/wp-json\/wp\/v2\/product"}],"about":[{"href":"https:\/\/simoffice.pt\/index.php\/wp-json\/wp\/v2\/types\/product"}],"wp:attachment":[{"href":"https:\/\/simoffice.pt\/index.php\/wp-json\/wp\/v2\/media?parent=7156"}],"wp:term":[{"taxonomy":"product_cat","embeddable":true,"href":"https:\/\/simoffice.pt\/index.php\/wp-json\/wp\/v2\/product_cat?post=7156"},{"taxonomy":"product_tag","embeddable":true,"href":"https:\/\/simoffice.pt\/index.php\/wp-json\/wp\/v2\/product_tag?post=7156"}],"curies":[{"name":"wp","href":"https:\/\/api.w.org\/{rel}","templated":true}]}}