{"id":7089,"date":"2022-07-04T16:43:25","date_gmt":"2022-07-04T16:43:25","guid":{"rendered":"https:\/\/simoffice.pt\/index.php\/product\/lexmark-impressora-laser-a-cores-cs517de\/"},"modified":"2022-07-04T16:43:31","modified_gmt":"2022-07-04T16:43:31","slug":"lexmark-impressora-laser-a-cores-cs517de","status":"publish","type":"product","link":"https:\/\/simoffice.pt\/index.php\/product\/lexmark-impressora-laser-a-cores-cs517de\/","title":{"rendered":"Lexmark Impressora Laser a cores CS517DE"},"content":{"rendered":"<p>Lexmark CS517de. Tecnologia de impress\u00e3o: Laser, Cor, N\u00famero de tinteiros: 3, Volume mensal de p\u00e1ginas recomendado: 85000 p\u00e1ginas por m\u00eas, Resolu\u00e7\u00e3o M\u00e1xima: 1200 x 1200 DPI. Dimens\u00e3o m\u00e1xima de papel ISO A-series: A4. Velocidade de impress\u00e3o (preto, qualidade normal, A4\/US Letter): 30 ppm. Capacidade standard de entrada (folhas): 250 folhas. Capacidade standard de sa\u00edda (folhas): 125 folhas. Impress\u00e3o Duplex. Pronto para trabalhar em rede. Cor da caixa: Cinzento, Branco<\/p>\n","protected":false},"excerpt":{"rendered":"<p>Lexmark CS517de. Tecnologia de impress\u00e3o: Laser, Cor, N\u00famero de tinteiros: 3, Volume mensal de p\u00e1ginas recomendado: 85000 p\u00e1ginas por m\u00eas, Resolu\u00e7\u00e3o M\u00e1xima: 1200 x 1200 DPI. Dimens\u00e3o m\u00e1xima de papel ISO A-series: A4. Velocidade de impress\u00e3o (preto, qualidade normal, A4\/US Letter): 30 ppm. Capacidade standard de entrada (folhas): 250 folhas. Capacidade standard de sa\u00edda (folhas): [&hellip;]<\/p>\n","protected":false},"featured_media":7090,"template":"","meta":[],"product_cat":[75],"product_tag":[],"_links":{"self":[{"href":"https:\/\/simoffice.pt\/index.php\/wp-json\/wp\/v2\/product\/7089"}],"collection":[{"href":"https:\/\/simoffice.pt\/index.php\/wp-json\/wp\/v2\/product"}],"about":[{"href":"https:\/\/simoffice.pt\/index.php\/wp-json\/wp\/v2\/types\/product"}],"wp:featuredmedia":[{"embeddable":true,"href":"https:\/\/simoffice.pt\/index.php\/wp-json\/wp\/v2\/media\/7090"}],"wp:attachment":[{"href":"https:\/\/simoffice.pt\/index.php\/wp-json\/wp\/v2\/media?parent=7089"}],"wp:term":[{"taxonomy":"product_cat","embeddable":true,"href":"https:\/\/simoffice.pt\/index.php\/wp-json\/wp\/v2\/product_cat?post=7089"},{"taxonomy":"product_tag","embeddable":true,"href":"https:\/\/simoffice.pt\/index.php\/wp-json\/wp\/v2\/product_tag?post=7089"}],"curies":[{"name":"wp","href":"https:\/\/api.w.org\/{rel}","templated":true}]}}