{"id":7087,"date":"2022-07-04T16:43:21","date_gmt":"2022-07-04T16:43:21","guid":{"rendered":"https:\/\/simoffice.pt\/index.php\/product\/equip-suporte-teto-videoprojector-universal-rotacao-360-inclinavel\/"},"modified":"2022-07-04T16:43:27","modified_gmt":"2022-07-04T16:43:27","slug":"equip-suporte-teto-videoprojector-universal-rotacao-360-inclinavel","status":"publish","type":"product","link":"https:\/\/simoffice.pt\/index.php\/product\/equip-suporte-teto-videoprojector-universal-rotacao-360-inclinavel\/","title":{"rendered":"Equip Suporte teto videoprojector Universal Rota\u00e7\u00e3o 360 inclin\u00e1vel"},"content":{"rendered":"<p>Suporte de Teto Projector Universal Aluminio Rota\u00e7\u00e3o 360\u00ba, Inclin\u00e1vel 15\u00ba<\/p>\n","protected":false},"excerpt":{"rendered":"<p>Suporte de Teto Projector Universal Aluminio Rota\u00e7\u00e3o 360\u00ba, Inclin\u00e1vel 15\u00ba<\/p>\n","protected":false},"featured_media":7088,"template":"","meta":[],"product_cat":[76],"product_tag":[],"_links":{"self":[{"href":"https:\/\/simoffice.pt\/index.php\/wp-json\/wp\/v2\/product\/7087"}],"collection":[{"href":"https:\/\/simoffice.pt\/index.php\/wp-json\/wp\/v2\/product"}],"about":[{"href":"https:\/\/simoffice.pt\/index.php\/wp-json\/wp\/v2\/types\/product"}],"wp:featuredmedia":[{"embeddable":true,"href":"https:\/\/simoffice.pt\/index.php\/wp-json\/wp\/v2\/media\/7088"}],"wp:attachment":[{"href":"https:\/\/simoffice.pt\/index.php\/wp-json\/wp\/v2\/media?parent=7087"}],"wp:term":[{"taxonomy":"product_cat","embeddable":true,"href":"https:\/\/simoffice.pt\/index.php\/wp-json\/wp\/v2\/product_cat?post=7087"},{"taxonomy":"product_tag","embeddable":true,"href":"https:\/\/simoffice.pt\/index.php\/wp-json\/wp\/v2\/product_tag?post=7087"}],"curies":[{"name":"wp","href":"https:\/\/api.w.org\/{rel}","templated":true}]}}