{"id":7085,"date":"2022-07-04T16:43:12","date_gmt":"2022-07-04T16:43:12","guid":{"rendered":"https:\/\/simoffice.pt\/index.php\/product\/lg-monitor-led-tv-20-19-5-169-hd-hdmi-scart-usb\/"},"modified":"2022-07-04T16:43:19","modified_gmt":"2022-07-04T16:43:19","slug":"lg-monitor-led-tv-20-19-5-169-hd-hdmi-scart-usb","status":"publish","type":"product","link":"https:\/\/simoffice.pt\/index.php\/product\/lg-monitor-led-tv-20-19-5-169-hd-hdmi-scart-usb\/","title":{"rendered":"LG Monitor LED TV 20&#8243; (19.5&#8243; ) 16:9 HD HDMI SCART USB"},"content":{"rendered":"<p>19.5&#8243;; 200cd\/m2; R\u00e1cio Contraste 5M:1; \u00c2ngulo de Vis\u00e3o: 90\/65; 5ms; 16:9; 1366&#215;768; HDMI, Scart, USB (MP3, JPEG, DVIX); VESA Compat\u00edvel: 75&#215;75; Tipo de Base: Destac\u00e1vel; Colunas 3W x 2canais; Preto<\/p>\n","protected":false},"excerpt":{"rendered":"<p>19.5&#8243;; 200cd\/m2; R\u00e1cio Contraste 5M:1; \u00c2ngulo de Vis\u00e3o: 90\/65; 5ms; 16:9; 1366&#215;768; HDMI, Scart, USB (MP3, JPEG, DVIX); VESA Compat\u00edvel: 75&#215;75; Tipo de Base: Destac\u00e1vel; Colunas 3W x 2canais; Preto<\/p>\n","protected":false},"featured_media":7086,"template":"","meta":[],"product_cat":[75],"product_tag":[],"_links":{"self":[{"href":"https:\/\/simoffice.pt\/index.php\/wp-json\/wp\/v2\/product\/7085"}],"collection":[{"href":"https:\/\/simoffice.pt\/index.php\/wp-json\/wp\/v2\/product"}],"about":[{"href":"https:\/\/simoffice.pt\/index.php\/wp-json\/wp\/v2\/types\/product"}],"wp:featuredmedia":[{"embeddable":true,"href":"https:\/\/simoffice.pt\/index.php\/wp-json\/wp\/v2\/media\/7086"}],"wp:attachment":[{"href":"https:\/\/simoffice.pt\/index.php\/wp-json\/wp\/v2\/media?parent=7085"}],"wp:term":[{"taxonomy":"product_cat","embeddable":true,"href":"https:\/\/simoffice.pt\/index.php\/wp-json\/wp\/v2\/product_cat?post=7085"},{"taxonomy":"product_tag","embeddable":true,"href":"https:\/\/simoffice.pt\/index.php\/wp-json\/wp\/v2\/product_tag?post=7085"}],"curies":[{"name":"wp","href":"https:\/\/api.w.org\/{rel}","templated":true}]}}