{"id":7077,"date":"2022-07-04T16:42:48","date_gmt":"2022-07-04T16:42:48","guid":{"rendered":"https:\/\/simoffice.pt\/index.php\/product\/mk-plus-teclado-profissional-wireless-ultra-slim\/"},"modified":"2022-07-04T16:42:54","modified_gmt":"2022-07-04T16:42:54","slug":"mk-plus-teclado-profissional-wireless-ultra-slim","status":"publish","type":"product","link":"https:\/\/simoffice.pt\/index.php\/product\/mk-plus-teclado-profissional-wireless-ultra-slim\/","title":{"rendered":"MK-Plus Teclado Profissional Wireless Ultra Slim"},"content":{"rendered":"<p>Teclado multim\u00e9dia Wireless<br \/>\nMais fino do mercado com apenas 8mm de espessura<br \/>\n104 teclas + 13 teclas multim\u00e9dia<br \/>\nIdeal para utiliza\u00e7\u00e3o Profissional<br \/>\nElevado padr\u00e3o de qualidade de constru\u00e7\u00e3o<\/p>\n","protected":false},"excerpt":{"rendered":"<p>Teclado multim\u00e9dia Wireless Mais fino do mercado com apenas 8mm de espessura 104 teclas + 13 teclas multim\u00e9dia Ideal para utiliza\u00e7\u00e3o Profissional Elevado padr\u00e3o de qualidade de constru\u00e7\u00e3o<\/p>\n","protected":false},"featured_media":7078,"template":"","meta":[],"product_cat":[75],"product_tag":[],"_links":{"self":[{"href":"https:\/\/simoffice.pt\/index.php\/wp-json\/wp\/v2\/product\/7077"}],"collection":[{"href":"https:\/\/simoffice.pt\/index.php\/wp-json\/wp\/v2\/product"}],"about":[{"href":"https:\/\/simoffice.pt\/index.php\/wp-json\/wp\/v2\/types\/product"}],"wp:featuredmedia":[{"embeddable":true,"href":"https:\/\/simoffice.pt\/index.php\/wp-json\/wp\/v2\/media\/7078"}],"wp:attachment":[{"href":"https:\/\/simoffice.pt\/index.php\/wp-json\/wp\/v2\/media?parent=7077"}],"wp:term":[{"taxonomy":"product_cat","embeddable":true,"href":"https:\/\/simoffice.pt\/index.php\/wp-json\/wp\/v2\/product_cat?post=7077"},{"taxonomy":"product_tag","embeddable":true,"href":"https:\/\/simoffice.pt\/index.php\/wp-json\/wp\/v2\/product_tag?post=7077"}],"curies":[{"name":"wp","href":"https:\/\/api.w.org\/{rel}","templated":true}]}}