{"id":7070,"date":"2022-07-04T16:42:27","date_gmt":"2022-07-04T16:42:27","guid":{"rendered":"https:\/\/simoffice.pt\/index.php\/product\/limpeza-geral-af-sprayduster-spray-ar-comprimido-200ml\/"},"modified":"2022-07-04T16:42:33","modified_gmt":"2022-07-04T16:42:33","slug":"limpeza-geral-af-sprayduster-spray-ar-comprimido-200ml","status":"publish","type":"product","link":"https:\/\/simoffice.pt\/index.php\/product\/limpeza-geral-af-sprayduster-spray-ar-comprimido-200ml\/","title":{"rendered":"Limpeza Geral (AF Sprayduster) &#8211; Spray Ar Comprimido 200ml"},"content":{"rendered":"<p>Projectado para a remo\u00e7\u00e3o segura de poeiras e contamina\u00e7\u00e3o por via a\u00e9rea a partir de \u00e1reas delicadas ou inacess\u00edveis de equipamentos el\u00e9ctricos e electr\u00f3nicos. <\/p>\n","protected":false},"excerpt":{"rendered":"<p>Projectado para a remo\u00e7\u00e3o segura de poeiras e contamina\u00e7\u00e3o por via a\u00e9rea a partir de \u00e1reas delicadas ou inacess\u00edveis de equipamentos el\u00e9ctricos e electr\u00f3nicos.<\/p>\n","protected":false},"featured_media":7071,"template":"","meta":[],"product_cat":[74],"product_tag":[],"_links":{"self":[{"href":"https:\/\/simoffice.pt\/index.php\/wp-json\/wp\/v2\/product\/7070"}],"collection":[{"href":"https:\/\/simoffice.pt\/index.php\/wp-json\/wp\/v2\/product"}],"about":[{"href":"https:\/\/simoffice.pt\/index.php\/wp-json\/wp\/v2\/types\/product"}],"wp:featuredmedia":[{"embeddable":true,"href":"https:\/\/simoffice.pt\/index.php\/wp-json\/wp\/v2\/media\/7071"}],"wp:attachment":[{"href":"https:\/\/simoffice.pt\/index.php\/wp-json\/wp\/v2\/media?parent=7070"}],"wp:term":[{"taxonomy":"product_cat","embeddable":true,"href":"https:\/\/simoffice.pt\/index.php\/wp-json\/wp\/v2\/product_cat?post=7070"},{"taxonomy":"product_tag","embeddable":true,"href":"https:\/\/simoffice.pt\/index.php\/wp-json\/wp\/v2\/product_tag?post=7070"}],"curies":[{"name":"wp","href":"https:\/\/api.w.org\/{rel}","templated":true}]}}