{"id":7061,"date":"2022-07-04T16:42:01","date_gmt":"2022-07-04T16:42:01","guid":{"rendered":"https:\/\/simoffice.pt\/index.php\/product\/staples-agrafador-manual-de-braco-longo-tira-completa-de-metal-20-folhas-24-6-e-26-6-preto\/"},"modified":"2022-07-04T16:42:08","modified_gmt":"2022-07-04T16:42:08","slug":"staples-agrafador-manual-de-braco-longo-tira-completa-de-metal-20-folhas-24-6-e-26-6-preto","status":"publish","type":"product","link":"https:\/\/simoffice.pt\/index.php\/product\/staples-agrafador-manual-de-braco-longo-tira-completa-de-metal-20-folhas-24-6-e-26-6-preto\/","title":{"rendered":"Staples Agrafador manual de bra\u00e7o longo, tira completa de metal, 20 folhas, 24\/6 e 26\/6, preto"},"content":{"rendered":"<p>Com capacidade de agrafamento para 20 folhas, o agrafador manual Staples\u00ae de bra\u00e7o longo est\u00e1 \u00e0 altura de qualquer utiliza\u00e7\u00e3o intensiva em contextos profissionais.<br \/>\nEste agrafador manual Staples\u00ae de bra\u00e7o longo \u00e9 de constru\u00e7\u00e3o robusta em metal para uso intensivo. O revestimento cromado de zinco e n\u00edquel de alta qualidade resiste \u00e0 ferrugem e proporciona uma utiliza\u00e7\u00e3o de longa dura\u00e7\u00e3o. O vers\u00e1til agrafador funciona com agrafos 24\/6 e 26\/6 e tem um sistema de carregamento superior para maior comodidade.<br \/>\nCarregamento superior, bloqueio com bigorna, agrafador de bra\u00e7o longo<br \/>\nPode ser utilizado com agrafos 24\/6 e 26\/6<br \/>\nAdequado para utiliza\u00e7\u00e3o dom\u00e9stica e profissional<br \/>\nCapacidade: 20 folhas<br \/>\nMaterial: A\u00e7o<br \/>\nPeso: 515 g<br \/>\nCor: Preto<br \/>\nDimens\u00f5es: 70 x 40 x 390 mm<\/p>\n","protected":false},"excerpt":{"rendered":"<p>Com capacidade de agrafamento para 20 folhas, o agrafador manual Staples\u00ae de bra\u00e7o longo est\u00e1 \u00e0 altura de qualquer utiliza\u00e7\u00e3o intensiva em contextos profissionais. Este agrafador manual Staples\u00ae de bra\u00e7o longo \u00e9 de constru\u00e7\u00e3o robusta em metal para uso intensivo. O revestimento cromado de zinco e n\u00edquel de alta qualidade resiste \u00e0 ferrugem e proporciona [&hellip;]<\/p>\n","protected":false},"featured_media":7062,"template":"","meta":[],"product_cat":[74],"product_tag":[],"_links":{"self":[{"href":"https:\/\/simoffice.pt\/index.php\/wp-json\/wp\/v2\/product\/7061"}],"collection":[{"href":"https:\/\/simoffice.pt\/index.php\/wp-json\/wp\/v2\/product"}],"about":[{"href":"https:\/\/simoffice.pt\/index.php\/wp-json\/wp\/v2\/types\/product"}],"wp:featuredmedia":[{"embeddable":true,"href":"https:\/\/simoffice.pt\/index.php\/wp-json\/wp\/v2\/media\/7062"}],"wp:attachment":[{"href":"https:\/\/simoffice.pt\/index.php\/wp-json\/wp\/v2\/media?parent=7061"}],"wp:term":[{"taxonomy":"product_cat","embeddable":true,"href":"https:\/\/simoffice.pt\/index.php\/wp-json\/wp\/v2\/product_cat?post=7061"},{"taxonomy":"product_tag","embeddable":true,"href":"https:\/\/simoffice.pt\/index.php\/wp-json\/wp\/v2\/product_tag?post=7061"}],"curies":[{"name":"wp","href":"https:\/\/api.w.org\/{rel}","templated":true}]}}