{"id":7056,"date":"2022-07-04T16:41:47","date_gmt":"2022-07-04T16:41:47","guid":{"rendered":"https:\/\/simoffice.pt\/index.php\/product\/esferografica-uni-lakubo-sg100-ruber-grip-07mm-azul\/"},"modified":"2022-07-04T16:41:52","modified_gmt":"2022-07-04T16:41:52","slug":"esferografica-uni-lakubo-sg100-ruber-grip-07mm-azul","status":"publish","type":"product","link":"https:\/\/simoffice.pt\/index.php\/product\/esferografica-uni-lakubo-sg100-ruber-grip-07mm-azul\/","title":{"rendered":"Esferografica Uni Lakubo SG100 Ruber Grip 0,7mm Azul"},"content":{"rendered":"<p>Escrita m\u00e9dia. Esfera em tungst\u00e9nio.<br \/>\nPonta em a\u00e7o inoxid\u00e1vel.<br \/>\nCorpo cristal que permite ver o n\u00edvel da tinta.<br \/>\nPega em borracha.<br \/>\nClip da cor da tinta.<\/p>\n","protected":false},"excerpt":{"rendered":"<p>Escrita m\u00e9dia. Esfera em tungst\u00e9nio. Ponta em a\u00e7o inoxid\u00e1vel. Corpo cristal que permite ver o n\u00edvel da tinta. Pega em borracha. Clip da cor da tinta.<\/p>\n","protected":false},"featured_media":7057,"template":"","meta":[],"product_cat":[74],"product_tag":[],"_links":{"self":[{"href":"https:\/\/simoffice.pt\/index.php\/wp-json\/wp\/v2\/product\/7056"}],"collection":[{"href":"https:\/\/simoffice.pt\/index.php\/wp-json\/wp\/v2\/product"}],"about":[{"href":"https:\/\/simoffice.pt\/index.php\/wp-json\/wp\/v2\/types\/product"}],"wp:featuredmedia":[{"embeddable":true,"href":"https:\/\/simoffice.pt\/index.php\/wp-json\/wp\/v2\/media\/7057"}],"wp:attachment":[{"href":"https:\/\/simoffice.pt\/index.php\/wp-json\/wp\/v2\/media?parent=7056"}],"wp:term":[{"taxonomy":"product_cat","embeddable":true,"href":"https:\/\/simoffice.pt\/index.php\/wp-json\/wp\/v2\/product_cat?post=7056"},{"taxonomy":"product_tag","embeddable":true,"href":"https:\/\/simoffice.pt\/index.php\/wp-json\/wp\/v2\/product_tag?post=7056"}],"curies":[{"name":"wp","href":"https:\/\/api.w.org\/{rel}","templated":true}]}}