{"id":7050,"date":"2022-07-04T16:41:26","date_gmt":"2022-07-04T16:41:26","guid":{"rendered":"https:\/\/simoffice.pt\/index.php\/product\/etiquetas-38x21-xerox-100-folhas-a4-6500un\/"},"modified":"2022-07-04T16:41:32","modified_gmt":"2022-07-04T16:41:32","slug":"etiquetas-38x21-xerox-100-folhas-a4-6500un","status":"publish","type":"product","link":"https:\/\/simoffice.pt\/index.php\/product\/etiquetas-38x21-xerox-100-folhas-a4-6500un\/","title":{"rendered":"Etiquetas 38&#215;21 Xerox 100 Folhas A4 6500un"},"content":{"rendered":"<p>Cantos Redondos<br \/>\nEtiquetas para impress\u00e3o, v\u00e1rios tamanhos para v\u00e1rias utiliza\u00e7\u00f5es. Para impress\u00e3o em qualquer equipamento inkjet e laser.<\/p>\n","protected":false},"excerpt":{"rendered":"<p>Cantos Redondos Etiquetas para impress\u00e3o, v\u00e1rios tamanhos para v\u00e1rias utiliza\u00e7\u00f5es. Para impress\u00e3o em qualquer equipamento inkjet e laser.<\/p>\n","protected":false},"featured_media":7051,"template":"","meta":[],"product_cat":[74],"product_tag":[],"_links":{"self":[{"href":"https:\/\/simoffice.pt\/index.php\/wp-json\/wp\/v2\/product\/7050"}],"collection":[{"href":"https:\/\/simoffice.pt\/index.php\/wp-json\/wp\/v2\/product"}],"about":[{"href":"https:\/\/simoffice.pt\/index.php\/wp-json\/wp\/v2\/types\/product"}],"wp:featuredmedia":[{"embeddable":true,"href":"https:\/\/simoffice.pt\/index.php\/wp-json\/wp\/v2\/media\/7051"}],"wp:attachment":[{"href":"https:\/\/simoffice.pt\/index.php\/wp-json\/wp\/v2\/media?parent=7050"}],"wp:term":[{"taxonomy":"product_cat","embeddable":true,"href":"https:\/\/simoffice.pt\/index.php\/wp-json\/wp\/v2\/product_cat?post=7050"},{"taxonomy":"product_tag","embeddable":true,"href":"https:\/\/simoffice.pt\/index.php\/wp-json\/wp\/v2\/product_tag?post=7050"}],"curies":[{"name":"wp","href":"https:\/\/api.w.org\/{rel}","templated":true}]}}