{"id":6976,"date":"2022-07-04T16:37:43","date_gmt":"2022-07-04T16:37:43","guid":{"rendered":"https:\/\/simoffice.pt\/index.php\/product\/marcador-uniball-roller-ub157-07mm-verde-cx-12un\/"},"modified":"2022-07-04T16:37:49","modified_gmt":"2022-07-04T16:37:49","slug":"marcador-uniball-roller-ub157-07mm-verde-cx-12un","status":"publish","type":"product","link":"https:\/\/simoffice.pt\/index.php\/product\/marcador-uniball-roller-ub157-07mm-verde-cx-12un\/","title":{"rendered":"Marcador Uniball Roller UB157 0,7mm Verde Cx 12un"},"content":{"rendered":"<p>Escrita m\u00e9dia. Esfera de tungst\u00e9nio.<br \/>\nPonta em a\u00e7o inoxid\u00e1vel.<br \/>\nCorpo em pl\u00e1stico com pega em borracha.<\/p>\n","protected":false},"excerpt":{"rendered":"<p>Escrita m\u00e9dia. Esfera de tungst\u00e9nio. Ponta em a\u00e7o inoxid\u00e1vel. Corpo em pl\u00e1stico com pega em borracha.<\/p>\n","protected":false},"featured_media":6977,"template":"","meta":[],"product_cat":[74],"product_tag":[],"_links":{"self":[{"href":"https:\/\/simoffice.pt\/index.php\/wp-json\/wp\/v2\/product\/6976"}],"collection":[{"href":"https:\/\/simoffice.pt\/index.php\/wp-json\/wp\/v2\/product"}],"about":[{"href":"https:\/\/simoffice.pt\/index.php\/wp-json\/wp\/v2\/types\/product"}],"wp:featuredmedia":[{"embeddable":true,"href":"https:\/\/simoffice.pt\/index.php\/wp-json\/wp\/v2\/media\/6977"}],"wp:attachment":[{"href":"https:\/\/simoffice.pt\/index.php\/wp-json\/wp\/v2\/media?parent=6976"}],"wp:term":[{"taxonomy":"product_cat","embeddable":true,"href":"https:\/\/simoffice.pt\/index.php\/wp-json\/wp\/v2\/product_cat?post=6976"},{"taxonomy":"product_tag","embeddable":true,"href":"https:\/\/simoffice.pt\/index.php\/wp-json\/wp\/v2\/product_tag?post=6976"}],"curies":[{"name":"wp","href":"https:\/\/api.w.org\/{rel}","templated":true}]}}