{"id":6944,"date":"2022-07-04T16:36:00","date_gmt":"2022-07-04T16:36:00","guid":{"rendered":"https:\/\/simoffice.pt\/index.php\/product\/samsung-led-tv-75-ru-7105-4k-uhd-smart-tv-hdr-plana\/"},"modified":"2022-07-04T16:36:06","modified_gmt":"2022-07-04T16:36:06","slug":"samsung-led-tv-75-ru-7105-4k-uhd-smart-tv-hdr-plana","status":"publish","type":"product","link":"https:\/\/simoffice.pt\/index.php\/product\/samsung-led-tv-75-ru-7105-4k-uhd-smart-tv-hdr-plana\/","title":{"rendered":"Samsung Led TV 75&#8243; RU 7105 4K UHD Smart TV HDR Plana"},"content":{"rendered":"<p>Samsung RU7105. Tamanho do ecr\u00e3 na diagonal (pol.): 190,5 cm (75&#8243;), Resolu\u00e7\u00e3o: 3840 x 2160 pixels, Tipo de HD: 4K Ultra HD, Tecnologia de apresenta\u00e7\u00e3o: LED, Formato do ecr\u00e3: Plano. Smart TV. Tecnologia de movimento de interpola\u00e7\u00e3o: PQI (Picture Quality Index) 1300, R\u00e1cio de aspecto: 16:9. Sistema de formato de sinal digital: DVB-C,DVB-T2. Wi-Fi, Ethernet LAN. Peso do produto: 37 kg. Cor da caixa: Preto<\/p>\n","protected":false},"excerpt":{"rendered":"<p>Samsung RU7105. Tamanho do ecr\u00e3 na diagonal (pol.): 190,5 cm (75&#8243;), Resolu\u00e7\u00e3o: 3840 x 2160 pixels, Tipo de HD: 4K Ultra HD, Tecnologia de apresenta\u00e7\u00e3o: LED, Formato do ecr\u00e3: Plano. Smart TV. Tecnologia de movimento de interpola\u00e7\u00e3o: PQI (Picture Quality Index) 1300, R\u00e1cio de aspecto: 16:9. Sistema de formato de sinal digital: DVB-C,DVB-T2. Wi-Fi, Ethernet [&hellip;]<\/p>\n","protected":false},"featured_media":6945,"template":"","meta":[],"product_cat":[76],"product_tag":[],"_links":{"self":[{"href":"https:\/\/simoffice.pt\/index.php\/wp-json\/wp\/v2\/product\/6944"}],"collection":[{"href":"https:\/\/simoffice.pt\/index.php\/wp-json\/wp\/v2\/product"}],"about":[{"href":"https:\/\/simoffice.pt\/index.php\/wp-json\/wp\/v2\/types\/product"}],"wp:featuredmedia":[{"embeddable":true,"href":"https:\/\/simoffice.pt\/index.php\/wp-json\/wp\/v2\/media\/6945"}],"wp:attachment":[{"href":"https:\/\/simoffice.pt\/index.php\/wp-json\/wp\/v2\/media?parent=6944"}],"wp:term":[{"taxonomy":"product_cat","embeddable":true,"href":"https:\/\/simoffice.pt\/index.php\/wp-json\/wp\/v2\/product_cat?post=6944"},{"taxonomy":"product_tag","embeddable":true,"href":"https:\/\/simoffice.pt\/index.php\/wp-json\/wp\/v2\/product_tag?post=6944"}],"curies":[{"name":"wp","href":"https:\/\/api.w.org\/{rel}","templated":true}]}}