{"id":6911,"date":"2022-07-04T16:34:20","date_gmt":"2022-07-04T16:34:20","guid":{"rendered":"https:\/\/simoffice.pt\/index.php\/product\/maxtor-hdd-2tb-externo-2-5-usb3-m3-sata-3-preto\/"},"modified":"2022-07-04T16:34:26","modified_gmt":"2022-07-04T16:34:26","slug":"maxtor-hdd-2tb-externo-2-5-usb3-m3-sata-3-preto","status":"publish","type":"product","link":"https:\/\/simoffice.pt\/index.php\/product\/maxtor-hdd-2tb-externo-2-5-usb3-m3-sata-3-preto\/","title":{"rendered":"Maxtor HDD 2TB Externo 2.5&#8243; USB3 M3 Sata 3 preto"},"content":{"rendered":"<p>Disco R\u00edgido Externo Maxtor M3 2.5P<br \/>\n2TB de capacidade<br \/>\nVelocidade M\u00e1xima transfer\u00eancia 5.0 Gbps<br \/>\nInterface USB 3.0 (compat\u00edvel com USB 2.0)<br \/>\nPreto<\/p>\n","protected":false},"excerpt":{"rendered":"<p>Disco R\u00edgido Externo Maxtor M3 2.5P 2TB de capacidade Velocidade M\u00e1xima transfer\u00eancia 5.0 Gbps Interface USB 3.0 (compat\u00edvel com USB 2.0) Preto<\/p>\n","protected":false},"featured_media":6912,"template":"","meta":[],"product_cat":[75],"product_tag":[],"_links":{"self":[{"href":"https:\/\/simoffice.pt\/index.php\/wp-json\/wp\/v2\/product\/6911"}],"collection":[{"href":"https:\/\/simoffice.pt\/index.php\/wp-json\/wp\/v2\/product"}],"about":[{"href":"https:\/\/simoffice.pt\/index.php\/wp-json\/wp\/v2\/types\/product"}],"wp:featuredmedia":[{"embeddable":true,"href":"https:\/\/simoffice.pt\/index.php\/wp-json\/wp\/v2\/media\/6912"}],"wp:attachment":[{"href":"https:\/\/simoffice.pt\/index.php\/wp-json\/wp\/v2\/media?parent=6911"}],"wp:term":[{"taxonomy":"product_cat","embeddable":true,"href":"https:\/\/simoffice.pt\/index.php\/wp-json\/wp\/v2\/product_cat?post=6911"},{"taxonomy":"product_tag","embeddable":true,"href":"https:\/\/simoffice.pt\/index.php\/wp-json\/wp\/v2\/product_tag?post=6911"}],"curies":[{"name":"wp","href":"https:\/\/api.w.org\/{rel}","templated":true}]}}