{"id":6873,"date":"2022-07-04T16:32:20","date_gmt":"2022-07-04T16:32:20","guid":{"rendered":"https:\/\/simoffice.pt\/index.php\/product\/epson-impressora-tm-t20ii-ethernet-usb-preta-c-fonte\/"},"modified":"2022-07-04T16:32:27","modified_gmt":"2022-07-04T16:32:27","slug":"epson-impressora-tm-t20ii-ethernet-usb-preta-c-fonte","status":"publish","type":"product","link":"https:\/\/simoffice.pt\/index.php\/product\/epson-impressora-tm-t20ii-ethernet-usb-preta-c-fonte\/","title":{"rendered":"Epson Impressora TM-T20II Ethernet\/USB preta C\/Fonte"},"content":{"rendered":"<p>M\u00e9todo de impress\u00e3o Impress\u00e3o t\u00e9rmica Tecnologia Termo-impress\u00e3o ; Velocidade de impress\u00e3o 200 mm\/seg Velocidade de impress\u00e3o recep\u00e7\u00e3o 200 mm\/seg Conjunto de caracteres imprim\u00edveis ANK Coluna Capacidade recep\u00e7\u00e3o Largura do papel 80 mm, 48 \/ 64 Conjunto de caracteres 95 alfanum\u00e9rico, 18 internacional, 128 x 43 gr\u00e1fico Caracteres por polegada 22,6 cpp \/ 16,9 cpp Densidade dos pontos 203 dpi x 203 dpi Impress\u00e3o a cores Preto Caracteres imprim\u00edveis Texto (incl. s\u00edmbolo Euro), Gr\u00e1fica, C\u00f3digo de barras ; Tipo de papel Tal\u00e3o Formato de papel Rolo de papel 79,50 \u00b1 0,50 (L) mm x di\u00e2m. 83,00 mm, 57,50 \u00b1 0,50 (L) mm x di\u00e2m. 83,00 mm ; Liga\u00e7\u00f5es Interface Ethernet (100 Base-TX\/10 Base-T), USB 2.0 Tipo B, Abertura autom\u00e1tica da gaveta ; Dados Puffer 4 kB ou 45 Bytes ; Fonte de alimenta\u00e7\u00e3o PS-180 &amp; cabo EURO AC Consumo de energia em standby: 0,1 A, M\u00e9dia: 1 ,8 A Tens\u00e3o de servi\u00e7o 24 V ; Dimens\u00f5es do produto 140? x 199 x 146 mm (Largura x Profundidade x Altura) Peso do produto 1,7 kg Cor Epson Dark Gray Instala\u00e7\u00e3o Horizontal, Vertical, Vertical com suporte de parede Conector Fun\u00e7\u00e3o D.K.D (2 drivers) N\u00edvel de ru\u00eddo Funcionamento: 55 dB (A) Humidade do ar Opera\u00e7\u00e3o 10% &#8211; 90%, Armazenamento 10% &#8211; 90% Temperatura Opera\u00e7\u00e3o 5\u00b0 C &#8211; 45\u00b0 C, Armazenamento -10\u00b0 C &#8211; 50\u00b0 C ; Fiabilidade 60.000.000 MCBF (Linhas), 360.000 MTBF (Horas) Vida \u00fatil do Auto Cutter 1.500.000 Cortes Vida \u00fatil da impressora 15.000.000 Linhas Vida \u00fatil da cabe\u00e7a de impress\u00e3o 100 km &#8211; 100.000.000 impulsos ; Padr\u00f5es EMC FCC classe A, Marca CE, EN55022 classe A Padr\u00f5es de seguran\u00e7a UL, CSA, T\u00dcV ; Unidade de corte Corte parcial Sensores Sensor de abertura de cobertura do rolo de papel, Sensor fim de papel<\/p>\n","protected":false},"excerpt":{"rendered":"<p>M\u00e9todo de impress\u00e3o Impress\u00e3o t\u00e9rmica Tecnologia Termo-impress\u00e3o ; Velocidade de impress\u00e3o 200 mm\/seg Velocidade de impress\u00e3o recep\u00e7\u00e3o 200 mm\/seg Conjunto de caracteres imprim\u00edveis ANK Coluna Capacidade recep\u00e7\u00e3o Largura do papel 80 mm, 48 \/ 64 Conjunto de caracteres 95 alfanum\u00e9rico, 18 internacional, 128 x 43 gr\u00e1fico Caracteres por polegada 22,6 cpp \/ 16,9 cpp Densidade [&hellip;]<\/p>\n","protected":false},"featured_media":6874,"template":"","meta":[],"product_cat":[75],"product_tag":[],"_links":{"self":[{"href":"https:\/\/simoffice.pt\/index.php\/wp-json\/wp\/v2\/product\/6873"}],"collection":[{"href":"https:\/\/simoffice.pt\/index.php\/wp-json\/wp\/v2\/product"}],"about":[{"href":"https:\/\/simoffice.pt\/index.php\/wp-json\/wp\/v2\/types\/product"}],"wp:featuredmedia":[{"embeddable":true,"href":"https:\/\/simoffice.pt\/index.php\/wp-json\/wp\/v2\/media\/6874"}],"wp:attachment":[{"href":"https:\/\/simoffice.pt\/index.php\/wp-json\/wp\/v2\/media?parent=6873"}],"wp:term":[{"taxonomy":"product_cat","embeddable":true,"href":"https:\/\/simoffice.pt\/index.php\/wp-json\/wp\/v2\/product_cat?post=6873"},{"taxonomy":"product_tag","embeddable":true,"href":"https:\/\/simoffice.pt\/index.php\/wp-json\/wp\/v2\/product_tag?post=6873"}],"curies":[{"name":"wp","href":"https:\/\/api.w.org\/{rel}","templated":true}]}}