{"id":6871,"date":"2022-07-04T16:32:13","date_gmt":"2022-07-04T16:32:13","guid":{"rendered":"https:\/\/simoffice.pt\/index.php\/product\/lg-led-tv-43-fhd-hdmi-usb-mode-hotel-43lv300c\/"},"modified":"2022-07-04T16:32:19","modified_gmt":"2022-07-04T16:32:19","slug":"lg-led-tv-43-fhd-hdmi-usb-mode-hotel-43lv300c","status":"publish","type":"product","link":"https:\/\/simoffice.pt\/index.php\/product\/lg-led-tv-43-fhd-hdmi-usb-mode-hotel-43lv300c\/","title":{"rendered":"LG Led TV 43&#8243; FHD HDMI USB Mode Hotel 43LV300C"},"content":{"rendered":"<p>Lg Modo Hotel Avan\u00e7ado; Modo Display Publico &#8211; Auto USB Play de V\u00eddeo e de Imagens; Calendariza\u00e7\u00e3o de ON\/OFF; Auto Recovery; bloqueio de controlo de infravermelhos e bloqueio das teclas de controlo 1x RF\/1x HDMI\/1x USB\/ 1x Componentes\/RS232C\/Headphones Out\/Transformador AC Interno<br \/>\nPeso: 11.300 kg<\/p>\n","protected":false},"excerpt":{"rendered":"<p>Lg Modo Hotel Avan\u00e7ado; Modo Display Publico &#8211; Auto USB Play de V\u00eddeo e de Imagens; Calendariza\u00e7\u00e3o de ON\/OFF; Auto Recovery; bloqueio de controlo de infravermelhos e bloqueio das teclas de controlo 1x RF\/1x HDMI\/1x USB\/ 1x Componentes\/RS232C\/Headphones Out\/Transformador AC Interno Peso: 11.300 kg<\/p>\n","protected":false},"featured_media":6872,"template":"","meta":[],"product_cat":[76],"product_tag":[],"_links":{"self":[{"href":"https:\/\/simoffice.pt\/index.php\/wp-json\/wp\/v2\/product\/6871"}],"collection":[{"href":"https:\/\/simoffice.pt\/index.php\/wp-json\/wp\/v2\/product"}],"about":[{"href":"https:\/\/simoffice.pt\/index.php\/wp-json\/wp\/v2\/types\/product"}],"wp:featuredmedia":[{"embeddable":true,"href":"https:\/\/simoffice.pt\/index.php\/wp-json\/wp\/v2\/media\/6872"}],"wp:attachment":[{"href":"https:\/\/simoffice.pt\/index.php\/wp-json\/wp\/v2\/media?parent=6871"}],"wp:term":[{"taxonomy":"product_cat","embeddable":true,"href":"https:\/\/simoffice.pt\/index.php\/wp-json\/wp\/v2\/product_cat?post=6871"},{"taxonomy":"product_tag","embeddable":true,"href":"https:\/\/simoffice.pt\/index.php\/wp-json\/wp\/v2\/product_tag?post=6871"}],"curies":[{"name":"wp","href":"https:\/\/api.w.org\/{rel}","templated":true}]}}