{"id":6869,"date":"2022-07-04T16:32:08","date_gmt":"2022-07-04T16:32:08","guid":{"rendered":"https:\/\/simoffice.pt\/index.php\/product\/apc-essental-surge-arrest-5-outlets-with-5v-230v-2-port-usb-germany\/"},"modified":"2022-07-04T16:32:15","modified_gmt":"2022-07-04T16:32:15","slug":"apc-essental-surge-arrest-5-outlets-with-5v-230v-2-port-usb-germany","status":"publish","type":"product","link":"https:\/\/simoffice.pt\/index.php\/product\/apc-essental-surge-arrest-5-outlets-with-5v-230v-2-port-usb-germany\/","title":{"rendered":"APC Essental Surge Arrest 5 Outlets with 5V 230V 2 Port USB Germany"},"content":{"rendered":"<p>APC Essential SurgeArrest 5 outlets with 5V, 2.4A 2 port USB charger 230V Germany; Protec\u00e7\u00e3o B\u00e1sica para Computadores e Dispositivos Electr\u00f3nicos Inclui: Manual do Utilizador<\/p>\n","protected":false},"excerpt":{"rendered":"<p>APC Essential SurgeArrest 5 outlets with 5V, 2.4A 2 port USB charger 230V Germany; Protec\u00e7\u00e3o B\u00e1sica para Computadores e Dispositivos Electr\u00f3nicos Inclui: Manual do Utilizador<\/p>\n","protected":false},"featured_media":6870,"template":"","meta":[],"product_cat":[75],"product_tag":[],"_links":{"self":[{"href":"https:\/\/simoffice.pt\/index.php\/wp-json\/wp\/v2\/product\/6869"}],"collection":[{"href":"https:\/\/simoffice.pt\/index.php\/wp-json\/wp\/v2\/product"}],"about":[{"href":"https:\/\/simoffice.pt\/index.php\/wp-json\/wp\/v2\/types\/product"}],"wp:featuredmedia":[{"embeddable":true,"href":"https:\/\/simoffice.pt\/index.php\/wp-json\/wp\/v2\/media\/6870"}],"wp:attachment":[{"href":"https:\/\/simoffice.pt\/index.php\/wp-json\/wp\/v2\/media?parent=6869"}],"wp:term":[{"taxonomy":"product_cat","embeddable":true,"href":"https:\/\/simoffice.pt\/index.php\/wp-json\/wp\/v2\/product_cat?post=6869"},{"taxonomy":"product_tag","embeddable":true,"href":"https:\/\/simoffice.pt\/index.php\/wp-json\/wp\/v2\/product_tag?post=6869"}],"curies":[{"name":"wp","href":"https:\/\/api.w.org\/{rel}","templated":true}]}}