{"id":6863,"date":"2022-07-04T16:31:48","date_gmt":"2022-07-04T16:31:48","guid":{"rendered":"https:\/\/simoffice.pt\/index.php\/product\/headphones-jbl-e35-pretos\/"},"modified":"2022-07-04T16:31:54","modified_gmt":"2022-07-04T16:31:54","slug":"headphones-jbl-e35-pretos","status":"publish","type":"product","link":"https:\/\/simoffice.pt\/index.php\/product\/headphones-jbl-e35-pretos\/","title":{"rendered":"Headphones JBL E35 Pretos"},"content":{"rendered":"<p>Os headphones JBL E35 oferecem estilo e subst\u00e2ncia, com qualidade de som com assinatura JBL. Uma faixa de tecido inovadora e elegante e um design ergon\u00f3mico na orelha significam que o seu entretenimento continua e o seu fator de divers\u00e3o fica aumentado, n\u00e3o importa o que voc\u00ea esteja a fazer &#8211; a trabalhar, a viajar ou simplesmente a fazer o seu caminho pela cidade. O seu cabo de tecido remov\u00edvel e anti-emaranhamento, o design elegante e dobr\u00e1vel e um controlo remoto universal de um bot\u00e3o s\u00e3o recursos adicionados que tornam o E35 a escolha perfeita.<\/p>\n<p>ASSINATURA DE SOM JBL<br \/>\nA assinatura de som JBL \u00e9 entregue atrav\u00e9s de potentes drivers de 40mm, num design elegante e ergon\u00f3mico.<\/p>\n<p>CONTROLO REMOTO UNIVERSAL DE UM BOT\u00c3O COM MICROFONE<br \/>\nCompat\u00edvel com a maioria dos smartphones, permite um f\u00e1cil controlo de m\u00fasica e chamadas em m\u00e3os-livres.<\/p>\n<p>HEADBAND CONFORT\u00c1VEL<br \/>\nA headband em tecido confort\u00e1vel e elegante combina o aspecto elegante dos headphones. Ou\u00e7a m\u00fasica em total conforto e estilo.<\/p>\n<p>DESIGN ERGON\u00d3MICO MELHORADO<br \/>\nAs almofadas de ouvido confort\u00e1veis e adequadas garantem que os seus headphones permane\u00e7am colocados enquanto voc\u00ea desfruta da sua m\u00fasica, mesmo quando voc\u00ea est\u00e1 em movimento.<\/p>\n<p>Especifica\u00e7\u00f5es:<br \/>\nDrivers: 40mm<br \/>\nResposta de frequ\u00eancia: 20Hz \u2013 20kHz<br \/>\nImped\u00e2ncia: 32 omhs<br \/>\nConex\u00e3o: Jack 3.5mm<\/p>\n<p>Conte\u00fado da Embalagem:<br \/>\nHeadphones E35<br \/>\nCabo remov\u00edvel com controlo remoto de 1 bot\u00e3o e microfone<\/p>\n","protected":false},"excerpt":{"rendered":"<p>Os headphones JBL E35 oferecem estilo e subst\u00e2ncia, com qualidade de som com assinatura JBL. Uma faixa de tecido inovadora e elegante e um design ergon\u00f3mico na orelha significam que o seu entretenimento continua e o seu fator de divers\u00e3o fica aumentado, n\u00e3o importa o que voc\u00ea esteja a fazer &#8211; a trabalhar, a viajar [&hellip;]<\/p>\n","protected":false},"featured_media":6864,"template":"","meta":[],"product_cat":[75],"product_tag":[],"_links":{"self":[{"href":"https:\/\/simoffice.pt\/index.php\/wp-json\/wp\/v2\/product\/6863"}],"collection":[{"href":"https:\/\/simoffice.pt\/index.php\/wp-json\/wp\/v2\/product"}],"about":[{"href":"https:\/\/simoffice.pt\/index.php\/wp-json\/wp\/v2\/types\/product"}],"wp:featuredmedia":[{"embeddable":true,"href":"https:\/\/simoffice.pt\/index.php\/wp-json\/wp\/v2\/media\/6864"}],"wp:attachment":[{"href":"https:\/\/simoffice.pt\/index.php\/wp-json\/wp\/v2\/media?parent=6863"}],"wp:term":[{"taxonomy":"product_cat","embeddable":true,"href":"https:\/\/simoffice.pt\/index.php\/wp-json\/wp\/v2\/product_cat?post=6863"},{"taxonomy":"product_tag","embeddable":true,"href":"https:\/\/simoffice.pt\/index.php\/wp-json\/wp\/v2\/product_tag?post=6863"}],"curies":[{"name":"wp","href":"https:\/\/api.w.org\/{rel}","templated":true}]}}