{"id":6861,"date":"2022-07-04T16:31:44","date_gmt":"2022-07-04T16:31:44","guid":{"rendered":"https:\/\/simoffice.pt\/index.php\/product\/cartao-memoria-toshiba-exceria-pro-m401-uhs-i-u3-microsdhc-16gb\/"},"modified":"2022-07-04T16:31:50","modified_gmt":"2022-07-04T16:31:50","slug":"cartao-memoria-toshiba-exceria-pro-m401-uhs-i-u3-microsdhc-16gb","status":"publish","type":"product","link":"https:\/\/simoffice.pt\/index.php\/product\/cartao-memoria-toshiba-exceria-pro-m401-uhs-i-u3-microsdhc-16gb\/","title":{"rendered":"Cart\u00e3o Mem\u00f3ria Toshiba Exceria Pro M401 UHS-I U3 microSDHC 16GB"},"content":{"rendered":"<p>ELEVADAS VELOCIDADES DE TRANSFER\u00caNCIA<br \/>\nOs cart\u00f5es Toshiba EXCERIA\u2122 PRO M401 s\u00e3o excelentes para transferir v\u00eddeos 4K Ultra-HD ou fotografias de alta resolu\u00e7\u00e3o. Com velocidade de leitura de at\u00e9 90MB\/s e velocidade de grava\u00e7\u00e3o de at\u00e9 80MB\/s para transfer\u00eancia de arquivos mais r\u00e1pida, s\u00e3o perfeitos para fotos e v\u00eddeos de a\u00e7\u00e3o r\u00e1pida.<\/p>\n<p>UTILIZA\u00c7\u00c3O EM CONDI\u00c7\u00d5ES DIF\u00cdCEIS<br \/>\nA s\u00e9rie EXCERIA\u2122 PRO M401 foi projetada especificamente para desportos de alta a\u00e7\u00e3o e entusiastas da aventura. \u00c9 prova de \u00e1gua, do choque e do raio X. Voc\u00ea pode at\u00e9 us\u00e1-los na neve ou no deserto.<\/p>\n<p>Capacidade: 16GB<br \/>\nInterface: microSDHC\u2122\/ microSDXC\u2122, UHS-I<br \/>\nClasse de velocidade UHS: UHS speed class 3<br \/>\nVelocidade M\u00e1x. Leitura: At\u00e9 90 MB\/s<br \/>\nVelocidade M\u00e1x. Grava\u00e7\u00e3o: At\u00e9 80 MB\/s<\/p>\n","protected":false},"excerpt":{"rendered":"<p>ELEVADAS VELOCIDADES DE TRANSFER\u00caNCIA Os cart\u00f5es Toshiba EXCERIA\u2122 PRO M401 s\u00e3o excelentes para transferir v\u00eddeos 4K Ultra-HD ou fotografias de alta resolu\u00e7\u00e3o. Com velocidade de leitura de at\u00e9 90MB\/s e velocidade de grava\u00e7\u00e3o de at\u00e9 80MB\/s para transfer\u00eancia de arquivos mais r\u00e1pida, s\u00e3o perfeitos para fotos e v\u00eddeos de a\u00e7\u00e3o r\u00e1pida. UTILIZA\u00c7\u00c3O EM CONDI\u00c7\u00d5ES DIF\u00cdCEIS [&hellip;]<\/p>\n","protected":false},"featured_media":6862,"template":"","meta":[],"product_cat":[75],"product_tag":[],"_links":{"self":[{"href":"https:\/\/simoffice.pt\/index.php\/wp-json\/wp\/v2\/product\/6861"}],"collection":[{"href":"https:\/\/simoffice.pt\/index.php\/wp-json\/wp\/v2\/product"}],"about":[{"href":"https:\/\/simoffice.pt\/index.php\/wp-json\/wp\/v2\/types\/product"}],"wp:featuredmedia":[{"embeddable":true,"href":"https:\/\/simoffice.pt\/index.php\/wp-json\/wp\/v2\/media\/6862"}],"wp:attachment":[{"href":"https:\/\/simoffice.pt\/index.php\/wp-json\/wp\/v2\/media?parent=6861"}],"wp:term":[{"taxonomy":"product_cat","embeddable":true,"href":"https:\/\/simoffice.pt\/index.php\/wp-json\/wp\/v2\/product_cat?post=6861"},{"taxonomy":"product_tag","embeddable":true,"href":"https:\/\/simoffice.pt\/index.php\/wp-json\/wp\/v2\/product_tag?post=6861"}],"curies":[{"name":"wp","href":"https:\/\/api.w.org\/{rel}","templated":true}]}}