{"id":6850,"date":"2022-07-04T16:31:10","date_gmt":"2022-07-04T16:31:10","guid":{"rendered":"https:\/\/simoffice.pt\/index.php\/product\/caixa-cartao-arquivo-morto-l140-340x250-kraft-pack25\/"},"modified":"2022-07-04T16:31:16","modified_gmt":"2022-07-04T16:31:16","slug":"caixa-cartao-arquivo-morto-l140-340x250-kraft-pack25","status":"publish","type":"product","link":"https:\/\/simoffice.pt\/index.php\/product\/caixa-cartao-arquivo-morto-l140-340x250-kraft-pack25\/","title":{"rendered":"Caixa Cartao Arquivo Morto L140-340&#215;250 Kraft Pack25"},"content":{"rendered":"<p>Cart\u00e3o micro canelado revestido a papel kraft. Desmont\u00e1vel com \u00f3culo.<\/p>\n","protected":false},"excerpt":{"rendered":"<p>Cart\u00e3o micro canelado revestido a papel kraft. Desmont\u00e1vel com \u00f3culo.<\/p>\n","protected":false},"featured_media":6851,"template":"","meta":[],"product_cat":[74],"product_tag":[],"_links":{"self":[{"href":"https:\/\/simoffice.pt\/index.php\/wp-json\/wp\/v2\/product\/6850"}],"collection":[{"href":"https:\/\/simoffice.pt\/index.php\/wp-json\/wp\/v2\/product"}],"about":[{"href":"https:\/\/simoffice.pt\/index.php\/wp-json\/wp\/v2\/types\/product"}],"wp:featuredmedia":[{"embeddable":true,"href":"https:\/\/simoffice.pt\/index.php\/wp-json\/wp\/v2\/media\/6851"}],"wp:attachment":[{"href":"https:\/\/simoffice.pt\/index.php\/wp-json\/wp\/v2\/media?parent=6850"}],"wp:term":[{"taxonomy":"product_cat","embeddable":true,"href":"https:\/\/simoffice.pt\/index.php\/wp-json\/wp\/v2\/product_cat?post=6850"},{"taxonomy":"product_tag","embeddable":true,"href":"https:\/\/simoffice.pt\/index.php\/wp-json\/wp\/v2\/product_tag?post=6850"}],"curies":[{"name":"wp","href":"https:\/\/api.w.org\/{rel}","templated":true}]}}