{"id":6848,"date":"2022-07-04T16:31:02","date_gmt":"2022-07-04T16:31:02","guid":{"rendered":"https:\/\/simoffice.pt\/index.php\/product\/numerador-sequencial-metalico-eagle-6-rodas\/"},"modified":"2022-07-04T16:31:08","modified_gmt":"2022-07-04T16:31:08","slug":"numerador-sequencial-metalico-eagle-6-rodas","status":"publish","type":"product","link":"https:\/\/simoffice.pt\/index.php\/product\/numerador-sequencial-metalico-eagle-6-rodas\/","title":{"rendered":"Numerador Sequencial Metalico Eagle 6 Rodas"},"content":{"rendered":"<p>Corpo met\u00e1lico. Resistente.<br \/>\nNumera\u00e7\u00e3o sequencial.<br \/>\nAlmofada de cor preta incorporada.<br \/>\nInclui almofa de substitui\u00e7\u00e3o.<br \/>\ncaracter de 4mm<\/p>\n","protected":false},"excerpt":{"rendered":"<p>Corpo met\u00e1lico. Resistente. Numera\u00e7\u00e3o sequencial. Almofada de cor preta incorporada. Inclui almofa de substitui\u00e7\u00e3o. caracter de 4mm<\/p>\n","protected":false},"featured_media":6849,"template":"","meta":[],"product_cat":[74],"product_tag":[],"_links":{"self":[{"href":"https:\/\/simoffice.pt\/index.php\/wp-json\/wp\/v2\/product\/6848"}],"collection":[{"href":"https:\/\/simoffice.pt\/index.php\/wp-json\/wp\/v2\/product"}],"about":[{"href":"https:\/\/simoffice.pt\/index.php\/wp-json\/wp\/v2\/types\/product"}],"wp:featuredmedia":[{"embeddable":true,"href":"https:\/\/simoffice.pt\/index.php\/wp-json\/wp\/v2\/media\/6849"}],"wp:attachment":[{"href":"https:\/\/simoffice.pt\/index.php\/wp-json\/wp\/v2\/media?parent=6848"}],"wp:term":[{"taxonomy":"product_cat","embeddable":true,"href":"https:\/\/simoffice.pt\/index.php\/wp-json\/wp\/v2\/product_cat?post=6848"},{"taxonomy":"product_tag","embeddable":true,"href":"https:\/\/simoffice.pt\/index.php\/wp-json\/wp\/v2\/product_tag?post=6848"}],"curies":[{"name":"wp","href":"https:\/\/api.w.org\/{rel}","templated":true}]}}