{"id":6834,"date":"2022-07-04T16:30:21","date_gmt":"2022-07-04T16:30:21","guid":{"rendered":"https:\/\/simoffice.pt\/index.php\/product\/faber-castell-multimark-marcador-permanente-ponta-fibra-06mm-pretoazulverde-e-vermelho\/"},"modified":"2022-07-04T16:30:27","modified_gmt":"2022-07-04T16:30:27","slug":"faber-castell-multimark-marcador-permanente-ponta-fibra-06mm-pretoazulverde-e-vermelho","status":"publish","type":"product","link":"https:\/\/simoffice.pt\/index.php\/product\/faber-castell-multimark-marcador-permanente-ponta-fibra-06mm-pretoazulverde-e-vermelho\/","title":{"rendered":"Faber-Castell Multimark marcador permanente ponta fibra 0,6mm (Preto;Azul;Verde e Vermelho)"},"content":{"rendered":"<p>O marcador permanente Faber-Castell MULTIMARK \u00e9 tamb\u00e9m \u00e0 prova de \u00e1gua e de luz. Pode ser utilizado na maioria das superf\u00edcies e \u00e9 fornecido com uma borracha integrada exclusiva.<br \/>\nO marcador permanente Faber-Castell MULTIMARK \u00e9 \u00e0 prova de \u00e1gua, de alta qualidade, com ponta de fibra e excecionalmente luminoso e rico em cor. \u00c9 excelente para utiliza\u00e7\u00e3o em praticamente todas as superf\u00edcies, incluindo pedra, madeira, metal, vidro e CD, e \u00e9 fornecido com uma borracha integrada que remove as marcas eficazmente. A haste de polipropileno e a tampa impedem que a tinta seque e garantem que dura muito tempo. Uma vez que \u00e9 fabricado em polipropileno, este marcador tamb\u00e9m tem um impacto ambiental m\u00ednimo ap\u00f3s a utiliza\u00e7\u00e3o.<br \/>\nMarcador permanente \u00e0 prova de \u00e1gua<br \/>\nExcecionalmente luminoso e rico em cor<br \/>\nEscreve em praticamente todas as superf\u00edcies, incluindo pedra, madeira, metal, vidro e CD<br \/>\n\u00c0 prova de luz<br \/>\nA borracha integrada exclusiva remove marcas de praticamente todas as superf\u00edcies lisas<br \/>\nLargura da linha: F (fina) &#8211; 0,6 mm<br \/>\nA haste de polipropileno e a tampa impedem que a tinta seque<br \/>\nEcol\u00f3gico<br \/>\nCores variadas: Preto, azul, verde, vermelho<br \/>\nEmbalagem de 4<\/p>\n","protected":false},"excerpt":{"rendered":"<p>O marcador permanente Faber-Castell MULTIMARK \u00e9 tamb\u00e9m \u00e0 prova de \u00e1gua e de luz. Pode ser utilizado na maioria das superf\u00edcies e \u00e9 fornecido com uma borracha integrada exclusiva. O marcador permanente Faber-Castell MULTIMARK \u00e9 \u00e0 prova de \u00e1gua, de alta qualidade, com ponta de fibra e excecionalmente luminoso e rico em cor. \u00c9 excelente [&hellip;]<\/p>\n","protected":false},"featured_media":6835,"template":"","meta":[],"product_cat":[74],"product_tag":[],"_links":{"self":[{"href":"https:\/\/simoffice.pt\/index.php\/wp-json\/wp\/v2\/product\/6834"}],"collection":[{"href":"https:\/\/simoffice.pt\/index.php\/wp-json\/wp\/v2\/product"}],"about":[{"href":"https:\/\/simoffice.pt\/index.php\/wp-json\/wp\/v2\/types\/product"}],"wp:featuredmedia":[{"embeddable":true,"href":"https:\/\/simoffice.pt\/index.php\/wp-json\/wp\/v2\/media\/6835"}],"wp:attachment":[{"href":"https:\/\/simoffice.pt\/index.php\/wp-json\/wp\/v2\/media?parent=6834"}],"wp:term":[{"taxonomy":"product_cat","embeddable":true,"href":"https:\/\/simoffice.pt\/index.php\/wp-json\/wp\/v2\/product_cat?post=6834"},{"taxonomy":"product_tag","embeddable":true,"href":"https:\/\/simoffice.pt\/index.php\/wp-json\/wp\/v2\/product_tag?post=6834"}],"curies":[{"name":"wp","href":"https:\/\/api.w.org\/{rel}","templated":true}]}}